{"id":2022,"date":"2025-06-11T20:45:22","date_gmt":"2025-06-11T18:45:22","guid":{"rendered":"https:\/\/mt-eifel.de\/?page_id=2022"},"modified":"2025-06-11T23:13:37","modified_gmt":"2025-06-11T21:13:37","slug":"regeln-im-ausland","status":"publish","type":"page","link":"https:\/\/mt-eifel.de\/en\/touren\/regeln-im-ausland\/","title":{"rendered":"Regeln im Ausland"},"content":{"rendered":"<h2 class=\"wp-block-heading has-large-font-size\">Einige Informationen f\u00fcr Fahrten ins Ausland.<\/h2>\n\n\n\n<p>H\u00f6chstgeschwindigkeiten, Bekleidung, Umweltzonen, Sicherheitsausr\u00fcstung usw.<\/p>\n\n\n\n<p><strong>F\u00fcr die zusammengestellten Angaben, k\u00f6nnen wir leider keine Gew\u00e4hr \u00fcbernehmen, auch wenn alle Angaben mit Sorgfalt zusammengestellt.<\/strong><\/p>\n\n\n\n<hr class=\"wp-block-separator has-alpha-channel-opacity is-style-wide\"\/>\n\n\n\n<div class=\"wp-block-query is-layout-flow wp-block-query-is-layout-flow\"><ul class=\"wp-block-post-template is-layout-flow wp-block-post-template-is-layout-flow\"><li class=\"wp-block-post post-1873 post type-post status-publish format-standard has-post-thumbnail hentry category-alles category-ausland\">\n\n<div class=\"wp-block-columns are-vertically-aligned-center is-layout-flex wp-container-core-columns-is-layout-28f84493 wp-block-columns-is-layout-flex\">\n<div class=\"wp-block-column is-vertically-aligned-center is-layout-flow wp-block-column-is-layout-flow\" style=\"flex-basis:25%\"><figure class=\"wp-block-post-featured-image\"><a href=\"https:\/\/mt-eifel.de\/en\/alles\/regeln-fuer-biker-frankreich\/\" target=\"_self\"  ><img loading=\"lazy\" decoding=\"async\" width=\"600\" height=\"400\" src=\"https:\/\/mt-eifel.de\/wp-content\/uploads\/2024\/04\/Frankreich.webp\" class=\"attachment-post-thumbnail size-post-thumbnail wp-post-image\" alt=\"Regeln f\u00fcr Biker: Frankreich\" style=\"object-fit:cover;\" srcset=\"https:\/\/mt-eifel.de\/wp-content\/uploads\/2024\/04\/Frankreich.webp 600w, https:\/\/mt-eifel.de\/wp-content\/uploads\/2024\/04\/Frankreich-300x200.webp 300w, https:\/\/mt-eifel.de\/wp-content\/uploads\/2024\/04\/Frankreich-18x12.webp 18w\" sizes=\"auto, (max-width: 600px) 100vw, 600px\" \/><\/a><\/figure><\/div>\n\n\n\n<div class=\"wp-block-column is-vertically-aligned-center is-layout-flow wp-block-column-is-layout-flow\" style=\"flex-basis:75%\"><h2 class=\"wp-block-post-title\"><a href=\"https:\/\/mt-eifel.de\/en\/alles\/regeln-fuer-biker-frankreich\/\" target=\"_self\" >Regeln f\u00fcr Biker: Frankreich<\/a><\/h2><\/div>\n<\/div>\n\n<\/li><li class=\"wp-block-post post-1608 post type-post status-publish format-standard has-post-thumbnail hentry category-alles category-ausland\">\n\n<div class=\"wp-block-columns are-vertically-aligned-center is-layout-flex wp-container-core-columns-is-layout-28f84493 wp-block-columns-is-layout-flex\">\n<div class=\"wp-block-column is-vertically-aligned-center is-layout-flow wp-block-column-is-layout-flow\" style=\"flex-basis:25%\"><figure class=\"wp-block-post-featured-image\"><a href=\"https:\/\/mt-eifel.de\/en\/alles\/regeln-fuer-biker-belgien\/\" target=\"_self\"  ><img loading=\"lazy\" decoding=\"async\" width=\"600\" height=\"400\" src=\"https:\/\/mt-eifel.de\/wp-content\/uploads\/2024\/04\/Belgien.webp\" class=\"attachment-post-thumbnail size-post-thumbnail wp-post-image\" alt=\"Regeln f\u00fcr Biker: Belgien\" style=\"object-fit:cover;\" srcset=\"https:\/\/mt-eifel.de\/wp-content\/uploads\/2024\/04\/Belgien.webp 600w, https:\/\/mt-eifel.de\/wp-content\/uploads\/2024\/04\/Belgien-300x200.webp 300w, https:\/\/mt-eifel.de\/wp-content\/uploads\/2024\/04\/Belgien-18x12.webp 18w\" sizes=\"auto, (max-width: 600px) 100vw, 600px\" \/><\/a><\/figure><\/div>\n\n\n\n<div class=\"wp-block-column is-vertically-aligned-center is-layout-flow wp-block-column-is-layout-flow\" style=\"flex-basis:75%\"><h2 class=\"wp-block-post-title\"><a href=\"https:\/\/mt-eifel.de\/en\/alles\/regeln-fuer-biker-belgien\/\" target=\"_self\" >Regeln f\u00fcr Biker: Belgien<\/a><\/h2><\/div>\n<\/div>\n\n<\/li><\/ul><\/div>","protected":false},"excerpt":{"rendered":"<p>Einige Informationen f\u00fcr Fahrten ins Ausland. H\u00f6chstgeschwindigkeiten, Bekleidung, Umweltzonen, Sicherheitsausr\u00fcstung usw. F\u00fcr die zusammengestellten Angaben, k\u00f6nnen wir leider keine Gew\u00e4hr \u00fcbernehmen, auch wenn alle Angaben mit Sorgfalt zusammengestellt.<\/p>","protected":false},"author":3,"featured_media":2029,"parent":387,"menu_order":0,"comment_status":"closed","ping_status":"closed","template":"","meta":{"_uag_custom_page_level_css":"","footnotes":""},"class_list":["post-2022","page","type-page","status-publish","has-post-thumbnail","hentry"],"uagb_featured_image_src":{"full":["https:\/\/mt-eifel.de\/wp-content\/uploads\/2025\/06\/Biker-im-Ausland.webp",1024,400,false],"thumbnail":["https:\/\/mt-eifel.de\/wp-content\/uploads\/2025\/06\/Biker-im-Ausland-150x150.webp",150,150,true],"medium":["https:\/\/mt-eifel.de\/wp-content\/uploads\/2025\/06\/Biker-im-Ausland-300x117.webp",300,117,true],"medium_large":["https:\/\/mt-eifel.de\/wp-content\/uploads\/2025\/06\/Biker-im-Ausland-768x300.webp",768,300,true],"large":["https:\/\/mt-eifel.de\/wp-content\/uploads\/2025\/06\/Biker-im-Ausland.webp",1024,400,false],"1536x1536":["https:\/\/mt-eifel.de\/wp-content\/uploads\/2025\/06\/Biker-im-Ausland.webp",1024,400,false],"2048x2048":["https:\/\/mt-eifel.de\/wp-content\/uploads\/2025\/06\/Biker-im-Ausland.webp",1024,400,false],"trp-custom-language-flag":["https:\/\/mt-eifel.de\/wp-content\/uploads\/2025\/06\/Biker-im-Ausland-18x7.webp",18,7,true]},"uagb_author_info":{"display_name":"Der Wolf","author_link":"https:\/\/mt-eifel.de\/en\/author\/wolf\/"},"uagb_comment_info":0,"uagb_excerpt":"Einige Informationen f\u00fcr Fahrten ins Ausland. H\u00f6chstgeschwindigkeiten, Bekleidung, Umweltzonen, Sicherheitsausr\u00fcstung usw. F\u00fcr die zusammengestellten Angaben, k\u00f6nnen wir leider keine Gew\u00e4hr \u00fcbernehmen, auch wenn alle Angaben mit Sorgfalt zusammengestellt.","_links":{"self":[{"href":"https:\/\/mt-eifel.de\/en\/wp-json\/wp\/v2\/pages\/2022","targetHints":{"allow":["GET"]}}],"collection":[{"href":"https:\/\/mt-eifel.de\/en\/wp-json\/wp\/v2\/pages"}],"about":[{"href":"https:\/\/mt-eifel.de\/en\/wp-json\/wp\/v2\/types\/page"}],"author":[{"embeddable":true,"href":"https:\/\/mt-eifel.de\/en\/wp-json\/wp\/v2\/users\/3"}],"replies":[{"embeddable":true,"href":"https:\/\/mt-eifel.de\/en\/wp-json\/wp\/v2\/comments?post=2022"}],"version-history":[{"count":3,"href":"https:\/\/mt-eifel.de\/en\/wp-json\/wp\/v2\/pages\/2022\/revisions"}],"predecessor-version":[{"id":2030,"href":"https:\/\/mt-eifel.de\/en\/wp-json\/wp\/v2\/pages\/2022\/revisions\/2030"}],"up":[{"embeddable":true,"href":"https:\/\/mt-eifel.de\/en\/wp-json\/wp\/v2\/pages\/387"}],"wp:featuredmedia":[{"embeddable":true,"href":"https:\/\/mt-eifel.de\/en\/wp-json\/wp\/v2\/media\/2029"}],"wp:attachment":[{"href":"https:\/\/mt-eifel.de\/en\/wp-json\/wp\/v2\/media?parent=2022"}],"curies":[{"name":"wp","href":"https:\/\/api.w.org\/{rel}","templated":true}]}}