{"id":2002,"date":"2025-06-07T15:24:16","date_gmt":"2025-06-07T13:24:16","guid":{"rendered":"https:\/\/mt-eifel.de\/?page_id=2002"},"modified":"2025-06-07T15:36:30","modified_gmt":"2025-06-07T13:36:30","slug":"mitteilungen","status":"publish","type":"page","link":"https:\/\/mt-eifel.de\/en\/mitteilungen\/","title":{"rendered":"Mitteilungen"},"content":{"rendered":"<link rel=\"stylesheet\" property=\"stylesheet\" href=\"https:\/\/mt-eifel.de\/wp-content\/plugins\/happyforms\/bundles\/css\/frontend.css\" \/>\n\t\t\t\t<!-- HappyForms CSS variables -->\n\t<style>\n\t#happyforms-2001 {\n\t\t--happyforms-part-title-font-size: 16px;\n--happyforms-part-description-font-size: 12px;\n--happyforms-part-value-font-size: 16px;\n--happyforms-submit-button-font-size: 16px;\n--happyforms-color-primary: #000000;\n--happyforms-color-success-notice: #ebf9f0;\n--happyforms-color-success-notice-text: #1eb452;\n--happyforms-color-error: #f23000;\n--happyforms-color-error-notice: #ffeeea;\n--happyforms-color-error-notice-text: #f23000;\n--happyforms-color-part-title: #000000;\n--happyforms-color-part-value: #000000;\n--happyforms-color-part-placeholder: #888888;\n--happyforms-color-part-description: #454545;\n--happyforms-color-part-border: #727272;\n--happyforms-color-part-border-focus: #6092ff;\n--happyforms-color-part-background: #ffffff;\n--happyforms-color-part-background-focus: #ffffff;\n--happyforms-color-submit-background: #000000;\n--happyforms-color-submit-background-hover: #000000;\n--happyforms-color-submit-border: ;\n--happyforms-color-submit-text: #ffffff;\n--happyforms-color-submit-text-hover: #ffffff;\n--happyforms-color-table-row-odd: #fcfcfc;\n--happyforms-color-table-row-even: #efefef;\n--happyforms-color-table-row-odd-text: #000000;\n--happyforms-color-table-row-even-text: #000000;\n--happyforms-color-dropdown-item-bg: #ffffff;\n--happyforms-color-dropdown-item-text: #000000;\n--happyforms-color-dropdown-item-bg-hover: #f4f4f5;\n--happyforms-color-dropdown-item-text-hover: #000000;\n--happyforms-color-divider-hr: #cccccc;\n--happyforms-color-choice-checkmark-bg: #ffffff;\n--happyforms-color-choice-checkmark-bg-focus: #000000;\n--happyforms-color-choice-checkmark-color: #ffffff;\n\t}\n\t<\/style>\n\t<!-- End of HappyForms CSS variables -->\n\t\t<!-- HappyForms Additional CSS -->\n\t<style data-happyforms-additional-css>\n\t\t<\/style>\n\t<!-- End of HappyForms Additional CSS -->\n\t\t\t<link rel=\"stylesheet\" type=\"text\/css\" href=\"https:\/\/mt-eifel.de\/wp-content\/plugins\/happyforms\/core\/assets\/css\/no-interaction.css\">\n\t\t<div class=\"happyforms-form happyforms-styles\" id=\"happyforms-2001\">\n\t\t\n\t<form action=\"\" id=\"happyforms-form-2001\" method=\"post\" novalidate=\"true\" autocomplete=\"off\" data-trp-original-action=\"\">\n\t\t\t\t<input type=\"hidden\" name=\"happyforms_random_seed\" value=\"3158848812\" \/>\n\t\t\n\t\t\t<input type=\"hidden\" name=\"action\" value=\"happyforms_message\">\n\t\t\t\t<input type=\"hidden\" name=\"client_referer\" value=\"\">\n\t\t\t\t<input type=\"hidden\" name=\"current_post_id\" value=\"\">\n\t\t\t\t<input type=\"hidden\" name=\"happyforms_form_id\" value=\"2001\" \/>\n\t\t\t\t<input type=\"hidden\" name=\"happyforms_step\" value=\"0\" \/>\n\t\n\t\t<div class=\"happyforms-flex\">\n\t\t\t\t<label for=\"2001-number\" class=\"screen-reader-text\">Leave this field blank<\/label>\n\t<input type=\"text\" id=\"2001-number\" name=\"2001-number\" style=\"display: none;\" tabindex=\"-1\" autocomplete=\"off\" aria-hidden=\"true\">\n\t\t\t\t\t\t\t\t\t\t<div class=\"happyforms-form__part happyforms-part happyforms-part--layout_title happyforms-part--width-full\" id=\"happyforms-2001_layout_title_1-part\" data-happyforms-type=\"layout_title\" data-happyforms-id=\"layout_title_1\">\n\t<div class=\"happyforms-part-wrap\">\n\t\t\t\t<h3 class=\"happyforms-layout-title\">Mitteilungen an uns<\/h3>\n\t<\/div>\n<\/div>\n<div class=\"happyforms-form__part happyforms-part happyforms-part--multi_line_text happyforms-part--width-full happyforms-part--label-show\" id=\"happyforms-2001_multi_line_text_2-part\" data-happyforms-type=\"multi_line_text\" data-happyforms-id=\"multi_line_text_2\" data-happyforms-required=\"\">\n\t<div class=\"happyforms-part-wrap\">\n\t\t\t\t\t\t<div class=\"happyforms-part__label-container\">\n\t\t\t\t<label for=\"happyforms-2001_multi_line_text_2\" class=\"happyforms-part__label\">\n\t\t\t<span class=\"label\">Eure Nachricht:<\/span>\n\t\t\t\t\t\t\t\t\t\t<span class=\"happyforms-required\"><\/span>\n\t\t\t\t\t\t\t\t\t\t<span class=\"happyforms-optional\">(optional)<\/span>\n\t\t\t\t\t<\/label>\n\t\t\t<\/div>\n\t\t\t\n\t\t\n\t\t<div class=\"happyforms-part__el\">\n\t\t\t\n\t\t\t\t\t\t<textarea id=\"happyforms-2001_multi_line_text_2\" name=\"2001_multi_line_text_2\" rows=\"5\" placeholder=\"Eure Nachricht\" autocomplete=\"off\" spellcheck=\"false\" data-length=\"250\" data-length-mode=\"word\" autocorrect=\"off\" ><\/textarea>\n\t\t\t\n\t\t\t\t\t\t<div class=\"happyforms-part__char-counter word_max\">\n\t\t\t\t<span class=\"counter\">0<\/span>\/<span class=\"counter-limit\">250<\/span> <span class=\"counter-label\">max. W\u00f6rter<\/span>\t\t\t<\/div>\n\t\t\t\n\t\t\t\t\t<\/div>\n\t<\/div>\n<\/div>\n<div class=\"happyforms-part--with-autocomplete happyforms-form__part happyforms-part happyforms-part--email happyforms-part--width-full happyforms-part--label-show\" id=\"happyforms-2001_email_3-part\" data-happyforms-type=\"email\" data-happyforms-id=\"email_3\">\n\t\t<div class=\"happyforms-part-wrap\">\n\t\t\t\t\t\t<div class=\"happyforms-part__label-container\">\n\t\t\t\t<label for=\"happyforms-2001_email_3\" class=\"happyforms-part__label\">\n\t\t\t<span class=\"label\">Eure E-Mail-Adresse, falls wir per E-Mail antworten sollen.<\/span>\n\t\t\t\t\t\t\t\t\t\t<span class=\"happyforms-required\"><\/span>\n\t\t\t\t\t\t\t\t\t\t<span class=\"happyforms-optional\">(optional)<\/span>\n\t\t\t\t\t<\/label>\n\t\t\t<\/div>\n\t\t\t\n\t\t<span class=\"happyforms-part__description\">Sollte keine Antwort n\u00f6tig, bitte freilassen!<\/span>\n\t\t<div class=\"happyforms-part__el\">\n\t\t\t\n\t\t\t\n\t\t\t<div class=\"happyforms-input\">\n\t\t\t\t<input type=\"email\" name=\"2001_email_3\" id=\"happyforms-2001_email_3\" value=\"\" placeholder=\"email@gmail.com\" autocomplete=\"off\" spellcheck=\"false\"  autocorrect=\"off\" \/>\n\t\t\t\t\t\t\t<\/div>\n\n\t\t\t\n\t\t\t\n\t\t\t\t\t<\/div>\n\t<\/div>\n<\/div>\n<div class=\"happyforms-form__part happyforms-part happyforms-part--single_line_text happyforms-part--width-full happyforms-part--label-show\" id=\"happyforms-2001_single_line_text_6-part\" data-happyforms-type=\"single_line_text\" data-happyforms-id=\"single_line_text_6\">\n\t<div class=\"happyforms-part-wrap\">\n\t\t\n\t\t\t\t\t\t<div class=\"happyforms-part__label-container\">\n\t\t\t\t<label for=\"happyforms-2001_single_line_text_6\" class=\"happyforms-part__label\">\n\t\t\t<span class=\"label\">Euer Mobilnummer, falls Ihr in unser WhatsApp-Gruppe wollt.<\/span>\n\t\t\t\t\t\t\t\t\t\t<span class=\"happyforms-required\"><\/span>\n\t\t\t\t\t\t\t\t\t\t<span class=\"happyforms-optional\">(optional)<\/span>\n\t\t\t\t\t<\/label>\n\t\t\t<\/div>\n\t\t\t\n\t\t<span class=\"happyforms-part__description\">Wir rufen nie an! Wir schreiben vor einer Aufnahme in die Gruppe eine WhatsApp, auf die man antworten muss. Es erfolgt sonst keine Aufnahme in die Gruppe.<\/span>\n\t\t<div class=\"happyforms-part__el\">\n\t\t\t\n\t\t\t\n\t\t\t<div class=\"happyforms-input\">\n\t\t\t\t\n\t\t\t\t<input id=\"happyforms-2001_single_line_text_6\" type=\"text\" name=\"2001_single_line_text_6\" value=\"\" placeholder=\"z.B. +49 176 123456789\" autocomplete=\"off\" spellcheck=\"false\"  autocorrect=\"off\" \/>\n\t\t\t\t\t\t\t<\/div>\n\n\t\t\t\n\t\t\t\n\t\t\t\t\t<\/div>\n\t<\/div>\n<\/div>\n<div class=\"happyforms-part--choice display-type--block happyforms-form__part happyforms-part happyforms-part--checkbox happyforms-part--width-full happyforms-part--label-show\" id=\"happyforms-2001_checkbox_5-part\" data-happyforms-type=\"checkbox\" data-happyforms-id=\"checkbox_5\" data-happyforms-required=\"\">\n\t<div class=\"happyforms-part-wrap\">\n\t\t\t<div class=\"happyforms-part__label-container\">\n\t\t\t\t<label for=\"happyforms-2001_checkbox_5\" class=\"happyforms-part__label\">\n\t\t\t<span class=\"label\">Ich bitte um Aufnahme in die WhatsApp-Gruppe.<\/span>\n\t\t\t\t\t\t\t\t\t\t<span class=\"happyforms-required\"><\/span>\n\t\t\t\t\t\t\t\t\t\t<span class=\"happyforms-optional\">(optional)<\/span>\n\t\t\t\t\t<\/label>\n\t\t\t<\/div>\n\t\n\t\t\n\t\t\n\t\t<div class=\"happyforms-part__el\">\n\t\t\t\n\t\t\t\t\t\t\t\t\t\t<div class=\"happyforms-part__option happyforms-part-option\" id=\"checkbox_5_option_1749303860908\">\n\t\t\t\t<label class=\"option-label\">\n\t\t\t\t\t<input type=\"checkbox\" class=\"happyforms-visuallyhidden happyforms-checkbox\" name=\"2001_checkbox_5[]\" value=\"0\" data-serialize autocomplete=\"off\" spellcheck=\"false\"  >\n\t\t\t\t\t<span class=\"checkmark\"><svg xmlns=\"http:\/\/www.w3.org\/2000\/svg\" width=\"12\" height=\"12\" viewbox=\"0 0 24 24\"><path fill=\"currentColor\" d=\"M20.285 2l-11.285 11.567-5.286-5.011-3.714 3.716 9 8.728 15-15.285z\"\/><\/svg><\/span>\n\t\t\t\t\t<span class=\"label-wrap\">\n\t\t\t\t\t\t<span class=\"label\">Bitte in die WhatsApp-Gruppe aufnehmen.<\/span>\t\t\t\t\t<\/span>\n\t\t\t\t<\/label>\n\t\t\t\t\t\t\t\t<div class=\"happyforms-part-option__description\">Hast Du Deine Mobilnummer eingetragen? Die ist dazu leider notwendig.<\/div>\n\t\t\t\t\t\t\t<\/div>\n\t\t\t\t\t\t\t\t\t\t<div class=\"happyforms-part__option happyforms-part-option\" id=\"checkbox_5_option_1749303934197\">\n\t\t\t\t<label class=\"option-label\">\n\t\t\t\t\t<input type=\"checkbox\" class=\"happyforms-visuallyhidden happyforms-checkbox\" name=\"2001_checkbox_5[]\" value=\"1\" data-serialize autocomplete=\"off\" spellcheck=\"false\"  >\n\t\t\t\t\t<span class=\"checkmark\"><svg xmlns=\"http:\/\/www.w3.org\/2000\/svg\" width=\"12\" height=\"12\" viewbox=\"0 0 24 24\"><path fill=\"currentColor\" d=\"M20.285 2l-11.285 11.567-5.286-5.011-3.714 3.716 9 8.728 15-15.285z\"\/><\/svg><\/span>\n\t\t\t\t\t<span class=\"label-wrap\">\n\t\t\t\t\t\t<span class=\"label\">L\u00f6schung! Bitte entfernt mich aus allen WhatsApp-Gruppen.<\/span>\t\t\t\t\t<\/span>\n\t\t\t\t<\/label>\n\t\t\t\t\t\t\t\t<div class=\"happyforms-part-option__description\">Es wird dazu eine Best\u00e4tigungs WhatsApp vom Orga-Team, an Dich versendet, die Du bitte best\u00e4tigen musst. Das eintragen der Mobilnummer nicht vergessen, sonst wissen wir nicht wer gel\u00f6scht werden soll.<\/div>\n\t\t\t\t\t\t\t<\/div>\n\t\t\t\n\t\t\t\n\t\t\t\t\t<\/div>\n\t<\/div>\n<\/div>\n\t\t\t\t\t\t<div class=\"happyforms-form__part happyforms-part happyforms-part--submit\">\n\t\t<button type=\"submit\" class=\"happyforms-submit happyforms-button--submit\">Absenden<\/button>\n\t<\/div>\t\t<\/div>\n\n\t\t\t<input type=\"hidden\" name=\"trp-form-language\" value=\"en\"\/><\/form>\n\n\t<\/div>\n\n\n\n\n<p class=\"has-large-font-size\">Eure Email und Telefonnummer wird nach der Bearbeitung Eurer Mitteilung, z.B. der Bitte um Aufnahme in die WhatsApp-Gruppe, zeitnah gel\u00f6scht. Wir rufen NIE an, sondern schreiben wenn n\u00f6tig eine WhatsApp oder E-Mail. <br>Das OrgaTeam<\/p>","protected":false},"excerpt":{"rendered":"<p>Eure Email und Telefonnummer wird nach der Bearbeitung Eurer Mitteilung, z.B. der Bitte um Aufnahme in die WhatsApp-Gruppe, zeitnah gel\u00f6scht. Wir rufen NIE an, sondern schreiben wenn n\u00f6tig eine WhatsApp oder E-Mail. Das OrgaTeam<\/p>","protected":false},"author":1,"featured_media":1037,"parent":0,"menu_order":0,"comment_status":"closed","ping_status":"closed","template":"page-wide","meta":{"_uag_custom_page_level_css":"","footnotes":""},"class_list":["post-2002","page","type-page","status-publish","has-post-thumbnail","hentry"],"uagb_featured_image_src":{"full":["https:\/\/mt-eifel.de\/wp-content\/uploads\/2024\/01\/Titelbild-Homepage.jpg",1024,353,false],"thumbnail":["https:\/\/mt-eifel.de\/wp-content\/uploads\/2024\/01\/Titelbild-Homepage-150x150.jpg",150,150,true],"medium":["https:\/\/mt-eifel.de\/wp-content\/uploads\/2024\/01\/Titelbild-Homepage-300x103.jpg",300,103,true],"medium_large":["https:\/\/mt-eifel.de\/wp-content\/uploads\/2024\/01\/Titelbild-Homepage-768x265.jpg",768,265,true],"large":["https:\/\/mt-eifel.de\/wp-content\/uploads\/2024\/01\/Titelbild-Homepage.jpg",1024,353,false],"1536x1536":["https:\/\/mt-eifel.de\/wp-content\/uploads\/2024\/01\/Titelbild-Homepage.jpg",1024,353,false],"2048x2048":["https:\/\/mt-eifel.de\/wp-content\/uploads\/2024\/01\/Titelbild-Homepage.jpg",1024,353,false],"trp-custom-language-flag":["https:\/\/mt-eifel.de\/wp-content\/uploads\/2024\/01\/Titelbild-Homepage.jpg",18,6,false]},"uagb_author_info":{"display_name":"admin","author_link":"https:\/\/mt-eifel.de\/en\/author\/dn10_jxs0npzz\/"},"uagb_comment_info":0,"uagb_excerpt":"Eure Email und Telefonnummer wird nach der Bearbeitung Eurer Mitteilung, z.B. der Bitte um Aufnahme in die WhatsApp-Gruppe, zeitnah gel\u00f6scht. Wir rufen NIE an, sondern schreiben wenn n\u00f6tig eine WhatsApp oder E-Mail. Das OrgaTeam","_links":{"self":[{"href":"https:\/\/mt-eifel.de\/en\/wp-json\/wp\/v2\/pages\/2002","targetHints":{"allow":["GET"]}}],"collection":[{"href":"https:\/\/mt-eifel.de\/en\/wp-json\/wp\/v2\/pages"}],"about":[{"href":"https:\/\/mt-eifel.de\/en\/wp-json\/wp\/v2\/types\/page"}],"author":[{"embeddable":true,"href":"https:\/\/mt-eifel.de\/en\/wp-json\/wp\/v2\/users\/1"}],"replies":[{"embeddable":true,"href":"https:\/\/mt-eifel.de\/en\/wp-json\/wp\/v2\/comments?post=2002"}],"version-history":[{"count":5,"href":"https:\/\/mt-eifel.de\/en\/wp-json\/wp\/v2\/pages\/2002\/revisions"}],"predecessor-version":[{"id":2009,"href":"https:\/\/mt-eifel.de\/en\/wp-json\/wp\/v2\/pages\/2002\/revisions\/2009"}],"wp:featuredmedia":[{"embeddable":true,"href":"https:\/\/mt-eifel.de\/en\/wp-json\/wp\/v2\/media\/1037"}],"wp:attachment":[{"href":"https:\/\/mt-eifel.de\/en\/wp-json\/wp\/v2\/media?parent=2002"}],"curies":[{"name":"wp","href":"https:\/\/api.w.org\/{rel}","templated":true}]}}