{"id":200,"date":"2022-09-22T13:57:37","date_gmt":"2022-09-22T13:57:37","guid":{"rendered":"https:\/\/MTE.sky10.eu\/?page_id=200"},"modified":"2024-03-29T16:46:44","modified_gmt":"2024-03-29T15:46:44","slug":"das-wetter-in-der-eifel","status":"publish","type":"page","link":"https:\/\/mt-eifel.de\/en\/service\/das-wetter-in-der-eifel\/","title":{"rendered":"Eifel-Wetter &#038; Cams"},"content":{"rendered":"<h2 class=\"wp-block-heading has-accent-3-color has-text-color has-link-color wp-elements-2649d8adc35b996ad8ec6d0ba293a677\">Wir empfehlen dir die Wetterseite von Eifelwetter.de<\/h2>\n\n\n\n<p class=\"has-text-align-left\">Die Jungs von Eifelwetter.de machen ihren Job schon seit einigen Jahren und das als Hobby.<br> <br><strong>Habt vielen Dank daf\u00fcr!<\/strong><br><br>Sie betreiben einige eigene Wetterstationen und liefern auch Livebilder von eigenen Webcams, auf ihrer Seite. Dazu kommt ein Wetterradar, so wie eine 5 Tage-Vorhersage f\u00fcr das Eifelwetter.<\/p>\n\n\n\n<p class=\"has-medium-font-size\">Hier geht es zur Webseite: <a href=\"https:\/\/www.eifelwetter.de\/\" target=\"_blank\" rel=\"noreferrer noopener\"><strong>Eifelwetter.de<\/strong><\/a><\/p>\n\n\n\n<hr class=\"wp-block-separator has-text-color has-accent-3-color has-alpha-channel-opacity has-accent-3-background-color has-background is-style-wide\"\/>\n\n\n\n<h2 class=\"wp-block-heading has-accent-3-color has-text-color has-link-color wp-elements-65873361f83d0af1076a0471bf793375\">Die Alternativen<\/h2>\n\n\n\n<ul class=\"wp-block-list\">\n<li><strong><a rel=\"noreferrer noopener\" href=\"https:\/\/kachelmannwetter.com\/de\/wetter\/2832023-simmerath\" target=\"_blank\">Kachelmannwetter.com<\/a><\/strong> \/ Simmerath*<\/li>\n\n\n\n<li><strong><a rel=\"noreferrer noopener\" href=\"https:\/\/www.donnerwetter.de\/wetter\/adenau\/DE13393.html\" target=\"_blank\">Donnerwetter.de<\/a><\/strong> \/ Adenau*<\/li>\n\n\n\n<li><strong><a rel=\"noreferrer noopener\" href=\"https:\/\/www.wetteronline.de\/wetter\/hallschlag\" target=\"_blank\">Wetteronline.de<\/a><\/strong> \/ Hallschlag*<\/li>\n\n\n\n<li><strong><a href=\"https:\/\/www.wetter.com\/deutschland\/auw-bei-pruem\/auw\/DE0000456.html\" target=\"_blank\" rel=\"noreferrer noopener\">Wetter.com<\/a><\/strong> \/ Auw bei Pr\u00fcm*<br><br><strong>* Es wurden schon ein paar Orte voreingestellt, nat\u00fcrlich k\u00f6nnt Ihr dort dann auch andere Orte aufrufen.<\/strong><\/li>\n<\/ul>\n\n\n\n<hr class=\"wp-block-separator has-text-color has-accent-3-color has-alpha-channel-opacity has-accent-3-background-color has-background is-style-wide\"\/>\n\n\n\n<h2 class=\"wp-block-heading has-accent-3-color has-text-color has-link-color wp-elements-a90a145b5787b8623aa362fc938fa8b0\">Wetter-Webcams in der Eifel<\/h2>\n\n\n\n<ul class=\"wp-block-list\">\n<li><strong><a rel=\"noreferrer noopener\" href=\"https:\/\/www.meteoblue.com\/de\/wetter\/webcams\/eifel_deutschland_2931919\" target=\"_blank\">Meteoblue<\/a><\/strong><\/li>\n\n\n\n<li><strong><a rel=\"noreferrer noopener\" href=\"https:\/\/www.skigebiete-test.de\/webcams\/eifel\" target=\"_blank\">Skigebiete-Test<\/a><\/strong><\/li>\n\n\n\n<li><strong><a rel=\"noreferrer noopener\" href=\"https:\/\/www.wetteronline.de\/webcam\/eifel\" target=\"_blank\">Wetteronline<\/a><\/strong><\/li>\n\n\n\n<li><strong><a rel=\"noreferrer noopener\" href=\"https:\/\/www.bergfex.de\/sommer\/hellenthal\/webcams\/c11458\/\" target=\"_blank\">Webcam Weissenstein<\/a><\/strong><\/li>\n\n\n\n<li><strong><a rel=\"noreferrer noopener\" href=\"https:\/\/www.bergfex.de\/sommer\/eifel-aachen\/webcams\/\" target=\"_blank\">Webcams Eifel &amp; Aachen<\/a><\/strong><\/li>\n<\/ul>","protected":false},"excerpt":{"rendered":"<p>Wir empfehlen dir die Wetterseite von Eifelwetter.de Die Jungs von Eifelwetter.de machen ihren Job schon seit einigen Jahren und das als Hobby. Habt vielen Dank daf\u00fcr! Sie betreiben einige eigene Wetterstationen und liefern auch Livebilder von eigenen Webcams, auf ihrer Seite. Dazu kommt ein Wetterradar, so wie eine 5 Tage-Vorhersage f\u00fcr das Eifelwetter. Hier geht [&hellip;]<\/p>\n","protected":false},"author":3,"featured_media":1543,"parent":1141,"menu_order":10,"comment_status":"closed","ping_status":"closed","template":"page-wide","meta":{"_uag_custom_page_level_css":"","footnotes":""},"class_list":["post-200","page","type-page","status-publish","has-post-thumbnail","hentry"],"uagb_featured_image_src":{"full":["https:\/\/mt-eifel.de\/wp-content\/uploads\/2024\/03\/musterwetter.webp",800,278,false],"thumbnail":["https:\/\/mt-eifel.de\/wp-content\/uploads\/2024\/03\/musterwetter-150x150.webp",150,150,true],"medium":["https:\/\/mt-eifel.de\/wp-content\/uploads\/2024\/03\/musterwetter-300x104.webp",300,104,true],"medium_large":["https:\/\/mt-eifel.de\/wp-content\/uploads\/2024\/03\/musterwetter-768x267.webp",768,267,true],"large":["https:\/\/mt-eifel.de\/wp-content\/uploads\/2024\/03\/musterwetter.webp",800,278,false],"1536x1536":["https:\/\/mt-eifel.de\/wp-content\/uploads\/2024\/03\/musterwetter.webp",800,278,false],"2048x2048":["https:\/\/mt-eifel.de\/wp-content\/uploads\/2024\/03\/musterwetter.webp",800,278,false],"trp-custom-language-flag":["https:\/\/mt-eifel.de\/wp-content\/uploads\/2024\/03\/musterwetter-18x6.webp",18,6,true]},"uagb_author_info":{"display_name":"Der Wolf","author_link":"https:\/\/mt-eifel.de\/en\/author\/wolf\/"},"uagb_comment_info":0,"uagb_excerpt":"Wir empfehlen dir die Wetterseite von Eifelwetter.de Die Jungs von Eifelwetter.de machen ihren Job schon seit einigen Jahren und das als Hobby. Habt vielen Dank daf\u00fcr! Sie betreiben einige eigene Wetterstationen und liefern auch Livebilder von eigenen Webcams, auf ihrer Seite. Dazu kommt ein Wetterradar, so wie eine 5 Tage-Vorhersage f\u00fcr das Eifelwetter. Hier geht&hellip;","_links":{"self":[{"href":"https:\/\/mt-eifel.de\/en\/wp-json\/wp\/v2\/pages\/200","targetHints":{"allow":["GET"]}}],"collection":[{"href":"https:\/\/mt-eifel.de\/en\/wp-json\/wp\/v2\/pages"}],"about":[{"href":"https:\/\/mt-eifel.de\/en\/wp-json\/wp\/v2\/types\/page"}],"author":[{"embeddable":true,"href":"https:\/\/mt-eifel.de\/en\/wp-json\/wp\/v2\/users\/3"}],"replies":[{"embeddable":true,"href":"https:\/\/mt-eifel.de\/en\/wp-json\/wp\/v2\/comments?post=200"}],"version-history":[{"count":7,"href":"https:\/\/mt-eifel.de\/en\/wp-json\/wp\/v2\/pages\/200\/revisions"}],"predecessor-version":[{"id":1466,"href":"https:\/\/mt-eifel.de\/en\/wp-json\/wp\/v2\/pages\/200\/revisions\/1466"}],"up":[{"embeddable":true,"href":"https:\/\/mt-eifel.de\/en\/wp-json\/wp\/v2\/pages\/1141"}],"wp:featuredmedia":[{"embeddable":true,"href":"https:\/\/mt-eifel.de\/en\/wp-json\/wp\/v2\/media\/1543"}],"wp:attachment":[{"href":"https:\/\/mt-eifel.de\/en\/wp-json\/wp\/v2\/media?parent=200"}],"curies":[{"name":"wp","href":"https:\/\/api.w.org\/{rel}","templated":true}]}}