{"id":1141,"date":"2024-02-14T23:44:14","date_gmt":"2024-02-14T22:44:14","guid":{"rendered":"https:\/\/mt-eifel.de\/?page_id=1141"},"modified":"2025-06-07T17:07:04","modified_gmt":"2025-06-07T15:07:04","slug":"service","status":"publish","type":"page","link":"https:\/\/mt-eifel.de\/en\/service\/","title":{"rendered":"Service &#038; News"},"content":{"rendered":"<h2 class=\"wp-block-heading\">Wir bieten einiges an Service f\u00fcr Biker und die Region Eifel<\/h2>\n\n\n\n\t\t\t<div class=\"wp-block-uagb-post-grid uagb-post-grid  uagb-post__image-position-top uagb-post__image-enabled uagb-block-542dbba1     uagb-post__items uagb-post__columns-3 is-grid uagb-post__columns-tablet-2 uagb-post__columns-mobile-1 uagb-post__equal-height\" data-total=\"4\" style=\"\">\n\n\t\t\t\t\t\t\t\t\t\t\t\t<article class=\"uagb-post__inner-wrap\">\t\t\t\t\t\t\t\t<div class='uagb-post__image'>\n\t\t\t\t\t\t\t\t\t<a href=\"https:\/\/mt-eifel.de\/en\/uncategorized\/schrottwichteln\/\" target=\"_self\" rel=\"bookmark noopener noreferrer\" class='uagb-image-ratio-inherit'><img loading=\"lazy\" decoding=\"async\" width=\"800\" height=\"236\" src=\"https:\/\/mt-eifel.de\/wp-content\/uploads\/2024\/03\/old-bike-800px.webp\" class=\"attachment-large size-large\" alt=\"\" srcset=\"https:\/\/mt-eifel.de\/wp-content\/uploads\/2024\/03\/old-bike-800px.webp 800w, https:\/\/mt-eifel.de\/wp-content\/uploads\/2024\/03\/old-bike-800px-300x89.webp 300w, https:\/\/mt-eifel.de\/wp-content\/uploads\/2024\/03\/old-bike-800px-768x227.webp 768w, https:\/\/mt-eifel.de\/wp-content\/uploads\/2024\/03\/old-bike-800px-18x5.webp 18w\" sizes=\"auto, (max-width: 800px) 100vw, 800px\" \/>\t\t\t\t\t<\/a>\n\t\t\t\t\t\t\t<\/div>\n\t\t\t\t\t\t<h4 class=\"uagb-post__title uagb-post__text\">\n\t\t\t\t<a href=\"https:\/\/mt-eifel.de\/en\/uncategorized\/schrottwichteln\/\" target=\"_self\" rel=\"bookmark noopener noreferrer\">Schrottwichteln<\/a>\n\t\t\t<\/h4>\n\t\t\t\t\t\t<div class='uagb-post__text uagb-post-grid-byline'>\n\t\t\t\t\t\t\t\t<time datetime=\"2025-11-22T10:54:29+01:00\" class=\"uagb-post__date\">\n\t\t\t\t<span class=\"dashicons-calendar dashicons\"><\/span>\t\t\t\t\t22. November 2025\t\t\t\t<\/time>\n\t\t\t\t\t\t\t<span class=\"uagb-post__comment\">\n\t\t\t\t<span class=\"dashicons-admin-comments dashicons\"><\/span>\t\t\t\t\tNo Comments\t\t\t\t<\/span>\n\t\t\t\t\t\t<\/div>\n\t\t\t\t\t\t\t<div class='uagb-post__text uagb-post__excerpt'>\n\t\t\t\t\t<p>So funktioniert es: Vorbereitung: Jeder Teilnehmer sucht zu Hause einen \u201eSchrottgeschenk\u201c aus, das er nicht&#8230;\t\t\t\t<\/div>\n\t\t\t\t\t\t<div class=\"uagb-post__text uagb-post__cta wp-block-button\">\n\t\t\t\t<a class=\"wp-block-button__link uagb-text-link\" style=\"\" href=\"https:\/\/mt-eifel.de\/en\/uncategorized\/schrottwichteln\/\" target=\"_self\" rel=\"bookmark noopener noreferrer\">Read More<\/a>\n\t\t\t<\/div>\n\t\t\t\n\t\t\t\t\t\t\t\t\t<\/article>\n\t\t\t\t\t\t\t\t\t\t\t\t\t\t\t\t<article class=\"uagb-post__inner-wrap\">\t\t\t\t\t\t\t\t<div class='uagb-post__image'>\n\t\t\t\t\t\t\t\t\t<a href=\"https:\/\/mt-eifel.de\/en\/alles\/regeln-fuer-biker-frankreich\/\" target=\"_self\" rel=\"bookmark noopener noreferrer\" class='uagb-image-ratio-inherit'><img loading=\"lazy\" decoding=\"async\" width=\"600\" height=\"400\" src=\"https:\/\/mt-eifel.de\/wp-content\/uploads\/2024\/04\/Frankreich.webp\" class=\"attachment-large size-large\" alt=\"\" srcset=\"https:\/\/mt-eifel.de\/wp-content\/uploads\/2024\/04\/Frankreich.webp 600w, https:\/\/mt-eifel.de\/wp-content\/uploads\/2024\/04\/Frankreich-300x200.webp 300w, https:\/\/mt-eifel.de\/wp-content\/uploads\/2024\/04\/Frankreich-18x12.webp 18w\" sizes=\"auto, (max-width: 600px) 100vw, 600px\" \/>\t\t\t\t\t<\/a>\n\t\t\t\t\t\t\t<\/div>\n\t\t\t\t\t\t<h4 class=\"uagb-post__title uagb-post__text\">\n\t\t\t\t<a href=\"https:\/\/mt-eifel.de\/en\/alles\/regeln-fuer-biker-frankreich\/\" target=\"_self\" rel=\"bookmark noopener noreferrer\">Regeln f\u00fcr Biker: Frankreich<\/a>\n\t\t\t<\/h4>\n\t\t\t\t\t\t<div class='uagb-post__text uagb-post-grid-byline'>\n\t\t\t\t\t\t\t\t<time datetime=\"2025-02-18T21:49:42+01:00\" class=\"uagb-post__date\">\n\t\t\t\t<span class=\"dashicons-calendar dashicons\"><\/span>\t\t\t\t\t18. February 2025\t\t\t\t<\/time>\n\t\t\t\t\t\t\t<span class=\"uagb-post__comment\">\n\t\t\t\t<span class=\"dashicons-admin-comments dashicons\"><\/span>\t\t\t\t\tNo Comments\t\t\t\t<\/span>\n\t\t\t\t\t\t<\/div>\n\t\t\t\t\t\t\t<div class='uagb-post__text uagb-post__excerpt'>\n\t\t\t\t\t<p>In&nbsp;Frankreich&nbsp;gelten spezifische Vorschriften f\u00fcr Motorradfahrer. Hier sind die wichtigsten Regelungen: Stand 2024\/2025 Notrufnummern112 und 15Es&#8230;\t\t\t\t<\/div>\n\t\t\t\t\t\t<div class=\"uagb-post__text uagb-post__cta wp-block-button\">\n\t\t\t\t<a class=\"wp-block-button__link uagb-text-link\" style=\"\" href=\"https:\/\/mt-eifel.de\/en\/alles\/regeln-fuer-biker-frankreich\/\" target=\"_self\" rel=\"bookmark noopener noreferrer\">Read More<\/a>\n\t\t\t<\/div>\n\t\t\t\n\t\t\t\t\t\t\t\t\t<\/article>\n\t\t\t\t\t\t\t\t\t\t\t\t\t\t\t\t<article class=\"uagb-post__inner-wrap\">\t\t\t\t\t\t\t\t<h4 class=\"uagb-post__title uagb-post__text\">\n\t\t\t\t<a href=\"https:\/\/mt-eifel.de\/en\/service\/touren-nah\/aachen-lichtenbusch-eupen-01\/\" target=\"_self\" rel=\"bookmark noopener noreferrer\">Ost-Belgien ab Aachen #01<\/a>\n\t\t\t<\/h4>\n\t\t\t\t\t\t<div class='uagb-post__text uagb-post-grid-byline'>\n\t\t\t\t\t\t\t\t<time datetime=\"2024-06-07T10:16:58+02:00\" class=\"uagb-post__date\">\n\t\t\t\t<span class=\"dashicons-calendar dashicons\"><\/span>\t\t\t\t\t7. June 2024\t\t\t\t<\/time>\n\t\t\t\t\t\t\t<span class=\"uagb-post__comment\">\n\t\t\t\t<span class=\"dashicons-admin-comments dashicons\"><\/span>\t\t\t\t\tNo Comments\t\t\t\t<\/span>\n\t\t\t\t\t\t<\/div>\n\t\t\t\t\t\t\t<div class='uagb-post__text uagb-post__excerpt'>\n\t\t\t\t\t<p>2:10 h, 106 km, Kurven 46\/100 Start: Aachen-LichtenbuschZiel: Eupen Die Strecke ist landschaftlich sehr sch\u00f6n,&#8230;\t\t\t\t<\/div>\n\t\t\t\t\t\t<div class=\"uagb-post__text uagb-post__cta wp-block-button\">\n\t\t\t\t<a class=\"wp-block-button__link uagb-text-link\" style=\"\" href=\"https:\/\/mt-eifel.de\/en\/service\/touren-nah\/aachen-lichtenbusch-eupen-01\/\" target=\"_self\" rel=\"bookmark noopener noreferrer\">Read More<\/a>\n\t\t\t<\/div>\n\t\t\t\n\t\t\t\t\t\t\t\t\t<\/article>\n\t\t\t\t\t\t\t\t\t\t\t\t\t\t\t\t<article class=\"uagb-post__inner-wrap\">\t\t\t\t\t\t\t\t<div class='uagb-post__image'>\n\t\t\t\t\t\t\t\t\t<a href=\"https:\/\/mt-eifel.de\/en\/uncategorized\/dueren-simmerath\/\" target=\"_self\" rel=\"bookmark noopener noreferrer\" class='uagb-image-ratio-inherit'><img loading=\"lazy\" decoding=\"async\" width=\"250\" height=\"228\" src=\"https:\/\/mt-eifel.de\/wp-content\/uploads\/2023\/03\/Tour-250.webp\" class=\"attachment-large size-large\" alt=\"\" \/>\t\t\t\t\t<\/a>\n\t\t\t\t\t\t\t<\/div>\n\t\t\t\t\t\t<h4 class=\"uagb-post__title uagb-post__text\">\n\t\t\t\t<a href=\"https:\/\/mt-eifel.de\/en\/uncategorized\/dueren-simmerath\/\" target=\"_self\" rel=\"bookmark noopener noreferrer\">D\u00fcren &#8211; Simmerath<\/a>\n\t\t\t<\/h4>\n\t\t\t\t\t\t<div class='uagb-post__text uagb-post-grid-byline'>\n\t\t\t\t\t\t\t\t<time datetime=\"2024-05-08T16:59:59+02:00\" class=\"uagb-post__date\">\n\t\t\t\t<span class=\"dashicons-calendar dashicons\"><\/span>\t\t\t\t\t8. May 2024\t\t\t\t<\/time>\n\t\t\t\t\t\t\t<span class=\"uagb-post__comment\">\n\t\t\t\t<span class=\"dashicons-admin-comments dashicons\"><\/span>\t\t\t\t\tNo Comments\t\t\t\t<\/span>\n\t\t\t\t\t\t<\/div>\n\t\t\t\t\t\t\t<div class='uagb-post__text uagb-post__excerpt'>\n\t\t\t\t\t<p>D\u00fcren &#8211; Eupen &#8211; Hohes Venn &#8211; Malmedy &#8211; Sankt Vith &#8211; Bleialf &#8211; Simmerath&#8230;\t\t\t\t<\/div>\n\t\t\t\t\t\t<div class=\"uagb-post__text uagb-post__cta wp-block-button\">\n\t\t\t\t<a class=\"wp-block-button__link uagb-text-link\" style=\"\" href=\"https:\/\/mt-eifel.de\/en\/uncategorized\/dueren-simmerath\/\" target=\"_self\" rel=\"bookmark noopener noreferrer\">Read More<\/a>\n\t\t\t<\/div>\n\t\t\t\n\t\t\t\t\t\t\t\t\t<\/article>\n\t\t\t\t\t\t\t\t\t\t\t\t\t\t\t\t<article class=\"uagb-post__inner-wrap\">\t\t\t\t\t\t\t\t<div class='uagb-post__image'>\n\t\t\t\t\t\t\t\t\t<a href=\"https:\/\/mt-eifel.de\/en\/alles\/regeln-fuer-biker-belgien\/\" target=\"_self\" rel=\"bookmark noopener noreferrer\" class='uagb-image-ratio-inherit'><img loading=\"lazy\" decoding=\"async\" width=\"600\" height=\"400\" src=\"https:\/\/mt-eifel.de\/wp-content\/uploads\/2024\/04\/Belgien.webp\" class=\"attachment-large size-large\" alt=\"\" srcset=\"https:\/\/mt-eifel.de\/wp-content\/uploads\/2024\/04\/Belgien.webp 600w, https:\/\/mt-eifel.de\/wp-content\/uploads\/2024\/04\/Belgien-300x200.webp 300w, https:\/\/mt-eifel.de\/wp-content\/uploads\/2024\/04\/Belgien-18x12.webp 18w\" sizes=\"auto, (max-width: 600px) 100vw, 600px\" \/>\t\t\t\t\t<\/a>\n\t\t\t\t\t\t\t<\/div>\n\t\t\t\t\t\t<h4 class=\"uagb-post__title uagb-post__text\">\n\t\t\t\t<a href=\"https:\/\/mt-eifel.de\/en\/alles\/regeln-fuer-biker-belgien\/\" target=\"_self\" rel=\"bookmark noopener noreferrer\">Regeln f\u00fcr Biker: Belgien<\/a>\n\t\t\t<\/h4>\n\t\t\t\t\t\t<div class='uagb-post__text uagb-post-grid-byline'>\n\t\t\t\t\t\t\t\t<time datetime=\"2024-04-07T19:48:22+02:00\" class=\"uagb-post__date\">\n\t\t\t\t<span class=\"dashicons-calendar dashicons\"><\/span>\t\t\t\t\t7. April 2024\t\t\t\t<\/time>\n\t\t\t\t\t\t\t<span class=\"uagb-post__comment\">\n\t\t\t\t<span class=\"dashicons-admin-comments dashicons\"><\/span>\t\t\t\t\tNo Comments\t\t\t\t<\/span>\n\t\t\t\t\t\t<\/div>\n\t\t\t\t\t\t\t<div class='uagb-post__text uagb-post__excerpt'>\n\t\t\t\t\t<p>In&nbsp;Belgien&nbsp;gelten spezifische Vorschriften f\u00fcr Motorradfahrer. Hier sind die wichtigsten Regelungen:Stand 12.2023 Geschwindigkeitsbegrenzungen: Innerorts d\u00fcrfen Motorr\u00e4der&#8230;\t\t\t\t<\/div>\n\t\t\t\t\t\t<div class=\"uagb-post__text uagb-post__cta wp-block-button\">\n\t\t\t\t<a class=\"wp-block-button__link uagb-text-link\" style=\"\" href=\"https:\/\/mt-eifel.de\/en\/alles\/regeln-fuer-biker-belgien\/\" target=\"_self\" rel=\"bookmark noopener noreferrer\">Read More<\/a>\n\t\t\t<\/div>\n\t\t\t\n\t\t\t\t\t\t\t\t\t<\/article>\n\t\t\t\t\t\t\t\t\t\t\t\t\t\t\t\t<article class=\"uagb-post__inner-wrap\">\t\t\t\t\t\t\t\t<div class='uagb-post__image'>\n\t\t\t\t\t\t\t\t\t<a href=\"https:\/\/mt-eifel.de\/en\/orgateam\/mte-orgateam\/\" target=\"_self\" rel=\"bookmark noopener noreferrer\" class='uagb-image-ratio-inherit'><img loading=\"lazy\" decoding=\"async\" width=\"1024\" height=\"768\" src=\"https:\/\/mt-eifel.de\/wp-content\/uploads\/2023\/05\/kaffee-1024x768.webp\" class=\"attachment-large size-large\" alt=\"\" srcset=\"https:\/\/mt-eifel.de\/wp-content\/uploads\/2023\/05\/kaffee-1024x768.webp 1024w, https:\/\/mt-eifel.de\/wp-content\/uploads\/2023\/05\/kaffee-300x225.webp 300w, https:\/\/mt-eifel.de\/wp-content\/uploads\/2023\/05\/kaffee-768x576.webp 768w, https:\/\/mt-eifel.de\/wp-content\/uploads\/2023\/05\/kaffee-1020x765.webp 1020w, https:\/\/mt-eifel.de\/wp-content\/uploads\/2023\/05\/kaffee.webp 1280w\" sizes=\"auto, (max-width: 1024px) 100vw, 1024px\" \/>\t\t\t\t\t<\/a>\n\t\t\t\t\t\t\t<\/div>\n\t\t\t\t\t\t<h4 class=\"uagb-post__title uagb-post__text\">\n\t\t\t\t<a href=\"https:\/\/mt-eifel.de\/en\/orgateam\/mte-orgateam\/\" target=\"_self\" rel=\"bookmark noopener noreferrer\">Protected: MTE Orgateam<\/a>\n\t\t\t<\/h4>\n\t\t\t\t\t\t<div class='uagb-post__text uagb-post-grid-byline'>\n\t\t\t\t\t\t\t\t<time datetime=\"2024-03-14T14:31:31+01:00\" class=\"uagb-post__date\">\n\t\t\t\t<span class=\"dashicons-calendar dashicons\"><\/span>\t\t\t\t\t14. March 2024\t\t\t\t<\/time>\n\t\t\t\t\t\t\t<span class=\"uagb-post__comment\">\n\t\t\t\t<span class=\"dashicons-admin-comments dashicons\"><\/span>\t\t\t\t\tNo Comments\t\t\t\t<\/span>\n\t\t\t\t\t\t<\/div>\n\t\t\t\t\t\t\t<div class='uagb-post__text uagb-post__excerpt'>\n\t\t\t\t\tThere is no excerpt because this is a protected post.\t\t\t\t<\/div>\n\t\t\t\t\t\t\t<div class=\"uagb-post__text uagb-post__cta wp-block-button\">\n\t\t\t\t<a class=\"wp-block-button__link uagb-text-link\" style=\"\" href=\"https:\/\/mt-eifel.de\/en\/orgateam\/mte-orgateam\/\" target=\"_self\" rel=\"bookmark noopener noreferrer\">Read More<\/a>\n\t\t\t<\/div>\n\t\t\t\n\t\t\t\t\t\t\t\t\t<\/article>\n\t\t\t\t\t\t\t\t\t\t\t<\/div>","protected":false},"excerpt":{"rendered":"<p>Wir bieten einiges an Service f\u00fcr Biker und die Region Eifel<\/p>","protected":false},"author":3,"featured_media":0,"parent":0,"menu_order":0,"comment_status":"closed","ping_status":"closed","template":"","meta":{"_uag_custom_page_level_css":"","footnotes":""},"class_list":["post-1141","page","type-page","status-publish","hentry"],"uagb_featured_image_src":{"full":false,"thumbnail":false,"medium":false,"medium_large":false,"large":false,"1536x1536":false,"2048x2048":false,"trp-custom-language-flag":false},"uagb_author_info":{"display_name":"Der Wolf","author_link":"https:\/\/mt-eifel.de\/en\/author\/wolf\/"},"uagb_comment_info":0,"uagb_excerpt":"Wir bieten einiges an Service f\u00fcr Biker und die Region Eifel","_links":{"self":[{"href":"https:\/\/mt-eifel.de\/en\/wp-json\/wp\/v2\/pages\/1141","targetHints":{"allow":["GET"]}}],"collection":[{"href":"https:\/\/mt-eifel.de\/en\/wp-json\/wp\/v2\/pages"}],"about":[{"href":"https:\/\/mt-eifel.de\/en\/wp-json\/wp\/v2\/types\/page"}],"author":[{"embeddable":true,"href":"https:\/\/mt-eifel.de\/en\/wp-json\/wp\/v2\/users\/3"}],"replies":[{"embeddable":true,"href":"https:\/\/mt-eifel.de\/en\/wp-json\/wp\/v2\/comments?post=1141"}],"version-history":[{"count":2,"href":"https:\/\/mt-eifel.de\/en\/wp-json\/wp\/v2\/pages\/1141\/revisions"}],"predecessor-version":[{"id":1372,"href":"https:\/\/mt-eifel.de\/en\/wp-json\/wp\/v2\/pages\/1141\/revisions\/1372"}],"wp:attachment":[{"href":"https:\/\/mt-eifel.de\/en\/wp-json\/wp\/v2\/media?parent=1141"}],"curies":[{"name":"wp","href":"https:\/\/api.w.org\/{rel}","templated":true}]}}