{"id":81,"date":"2022-09-21T17:11:54","date_gmt":"2022-09-21T17:11:54","guid":{"rendered":"https:\/\/MTE.sky10.eu\/?page_id=81"},"modified":"2024-02-14T23:18:39","modified_gmt":"2024-02-14T22:18:39","slug":"impressum","status":"publish","type":"page","link":"https:\/\/mt-eifel.de\/de_de\/impressum\/","title":{"rendered":"Impressum"},"content":{"rendered":"\n<p><strong>Angaben gem\u00e4\u00df \u00a7 5 TMG<\/strong><br>Daniel Pontzen<br>Steinr\u00f6tschstra\u00dfe 38<br>52152 Simmerath<br>Kontakt<br>Telefon: +49 (0) 163 1850590<br>E-Mail: mte@sky10.eu<\/p>\n\n\n\n<p><strong>Redaktionell verantwortlich<\/strong><br>Daniel Pontzen<br>Steinr\u00f6tschstra\u00dfe 38<br>52152 Simmerath<\/p>\n\n\n\n<p><strong>EU-Streitschlichtung<\/strong><br>Die Europ\u00e4ische Kommission stellt eine Plattform zur Online-Streitbeilegung (OS) bereit:<br><a href=\"https:\/\/ec.europa.eu\/consumers\/odr\/\">https:\/\/ec.europa.eu\/consumers\/odr\/.<\/a><br>Unsere E-Mail-Adresse finden Sie oben im Impressum.<\/p>\n\n\n\n<p><strong>Verbraucherstreitbeilegung\/Universalschlichtungsstelle<\/strong><br>Wir sind nicht bereit oder verpflichtet, an Streitbeilegungsverfahren vor einer<br>Verbraucherschlichtungsstelle teilzunehmen.<br><br>Quelle: eRecht24<\/p>\n","protected":false},"excerpt":{"rendered":"<p>Angaben gem\u00e4\u00df \u00a7 5 TMGDaniel PontzenSteinr\u00f6tschstra\u00dfe 3852152 SimmerathKontaktTelefon: +49 (0) 163 1850590E-Mail: mte@sky10.eu Redaktionell verantwortlichDaniel PontzenSteinr\u00f6tschstra\u00dfe 3852152 Simmerath EU-StreitschlichtungDie Europ\u00e4ische Kommission stellt eine Plattform zur Online-Streitbeilegung (OS) bereit:https:\/\/ec.europa.eu\/consumers\/odr\/.Unsere E-Mail-Adresse finden Sie oben im Impressum. Verbraucherstreitbeilegung\/UniversalschlichtungsstelleWir sind nicht bereit oder verpflichtet, an Streitbeilegungsverfahren vor einerVerbraucherschlichtungsstelle teilzunehmen. Quelle: eRecht24<\/p>\n","protected":false},"author":1,"featured_media":0,"parent":0,"menu_order":0,"comment_status":"closed","ping_status":"closed","template":"","meta":{"_uag_custom_page_level_css":"","footnotes":""},"class_list":["post-81","page","type-page","status-publish","hentry"],"uagb_featured_image_src":{"full":false,"thumbnail":false,"medium":false,"medium_large":false,"large":false,"1536x1536":false,"2048x2048":false,"trp-custom-language-flag":false},"uagb_author_info":{"display_name":"admin","author_link":"https:\/\/mt-eifel.de\/de_de\/author\/dn10_jxs0npzz\/"},"uagb_comment_info":0,"uagb_excerpt":"Angaben gem\u00e4\u00df \u00a7 5 TMGDaniel PontzenSteinr\u00f6tschstra\u00dfe 3852152 SimmerathKontaktTelefon: +49 (0) 163 1850590E-Mail: mte@sky10.eu Redaktionell verantwortlichDaniel PontzenSteinr\u00f6tschstra\u00dfe 3852152 Simmerath EU-StreitschlichtungDie Europ\u00e4ische Kommission stellt eine Plattform zur Online-Streitbeilegung (OS) bereit:https:\/\/ec.europa.eu\/consumers\/odr\/.Unsere E-Mail-Adresse finden Sie oben im Impressum. Verbraucherstreitbeilegung\/UniversalschlichtungsstelleWir sind nicht bereit oder verpflichtet, an Streitbeilegungsverfahren vor einerVerbraucherschlichtungsstelle teilzunehmen. Quelle: eRecht24","_links":{"self":[{"href":"https:\/\/mt-eifel.de\/de_de\/wp-json\/wp\/v2\/pages\/81","targetHints":{"allow":["GET"]}}],"collection":[{"href":"https:\/\/mt-eifel.de\/de_de\/wp-json\/wp\/v2\/pages"}],"about":[{"href":"https:\/\/mt-eifel.de\/de_de\/wp-json\/wp\/v2\/types\/page"}],"author":[{"embeddable":true,"href":"https:\/\/mt-eifel.de\/de_de\/wp-json\/wp\/v2\/users\/1"}],"replies":[{"embeddable":true,"href":"https:\/\/mt-eifel.de\/de_de\/wp-json\/wp\/v2\/comments?post=81"}],"version-history":[{"count":1,"href":"https:\/\/mt-eifel.de\/de_de\/wp-json\/wp\/v2\/pages\/81\/revisions"}],"predecessor-version":[{"id":1138,"href":"https:\/\/mt-eifel.de\/de_de\/wp-json\/wp\/v2\/pages\/81\/revisions\/1138"}],"wp:attachment":[{"href":"https:\/\/mt-eifel.de\/de_de\/wp-json\/wp\/v2\/media?parent=81"}],"curies":[{"name":"wp","href":"https:\/\/api.w.org\/{rel}","templated":true}]}}