{"id":68,"date":"2022-09-21T10:22:03","date_gmt":"2022-09-21T10:22:03","guid":{"rendered":"https:\/\/MTE.sky10.eu\/?page_id=68"},"modified":"2024-03-28T09:03:21","modified_gmt":"2024-03-28T08:03:21","slug":"ueber-uns","status":"publish","type":"page","link":"https:\/\/mt-eifel.de\/de_de\/ueber-uns\/","title":{"rendered":"\u00dcber uns"},"content":{"rendered":"\n<h2 class=\"wp-block-heading\">Sind wir ein Verein oder Club?<\/h2>\n\n\n\n<p>Wir sind Motorradfreunde und Freundinnen, die sich \u00fcber das Internet und im Alltag kennengelernt haben.<br>Es gibt keine Mitgliedschaft und keinen Vorstand, sondern nur eine Freundschaft. Jeder kann mitmachen, jederzeit eine Pause einlegen oder sich einfach wieder verabschieden, weil es z.B. nicht ganz passt. Kosten entstehen keine, na ja, Benzin und Verpflegung d\u00fcrft ihr schon selber berappen. Sponsoren sind aber jederzeit willkommen.<\/p>\n\n\n\n<h3 class=\"wp-block-heading\">Kleiner Hinweis in eigener Sache:<\/h3>\n\n\n\n<p>Wir gendern nicht, sind aber deswegen keine Macho-Vereinigung. Wir freuen uns immer, wenn Frauen ihre Liebe zum Motorrad ausleben und bei uns mitmachen.<\/p>\n\n\n\n<h3 class=\"wp-block-heading\">Wer kann mitmachen, mitfahren?<\/h3>\n\n\n\n<p>Mitfahren kann jeder, mit einem Motorrad oder einen Platz auf R\u00fccksitz, bzw. im Beiwagen besitzt. Nat\u00fcrlich sind Familienangeh\u00f6rige, Freundin oder Freunde auch gerne gesehen. <\/p>\n\n\n\n<h2 class=\"wp-block-heading\">Hat man Pflichten, wenn man dazugeh\u00f6rt?<\/h2>\n\n\n\n<p>Au\u00dfer der Wahrung einer allgemein \u00fcblichen Nettikette gibt es keine Pflichten. Es muss keiner an Ausfahrten teilnehmen oder sonstige Arbeiten leisten. Nat\u00fcrlich gibt es unter uns auch Freunde, die gerne etwas zur\u00fcckgeben und sich an der Arbeit, die zwangsl\u00e4ufig entsteht, beteiligen.<br>An dieser Stelle, vielen Dank an die Helfer, die Treffen und Ausfahrten organisieren oder sich um Bilder\/Videos und Orga-Arbeit verdient machen. <\/p>\n\n\n\n<h2 class=\"wp-block-heading\">Wo touren wir?<\/h2>\n\n\n\n<p>Wie der Name schon sagt, sind wir haupts\u00e4chlich in der Eifel unterwegs, und die Eifel ist gro\u00df, genauso gro\u00df, wie das Gebiet, aus dem wir alle kommen.<br>Als Eckpunkte kann man wohl die St\u00e4dte Aachen &#8211; Bonn &#8211; Koblenz &#8211; Trier nennen, aber auch die Ardennen, wie das Mittelgebirge auf belgischer Seite hei\u00dft. Die Saar oder das Bergisches Land sind uns ebenfalls nicht ganz fremd. Wir schauen gerne mal \u00fcber den Tellerrand.<\/p>\n\n\n\n<h2 class=\"wp-block-heading\">Wie und wann trifft man sich ?<\/h2>\n\n\n\n<p>Getroffen wird sich nicht zu festgelegten Zeitpunkten, also nicht jeden Sonntag am Startpunkt X. Es gibt eine WhatsApp-Gruppe, da postet z. B. der Bernd, dass er spontan Lust auf eine Feierabendrunde hat und wer mitwill, soll sich um 17:15 an der Biker Ranch einfinden. Alles Weitere wird dann meist per WhatsApp privat vereinbart. Nat\u00fcrlich werden gr\u00f6\u00dfer Ausfahrten etwas l\u00e4ngerfristig geplant, das l\u00e4uft dann \u00fcber WhatsApp und\/oder die Webseite. Feste Termine werden auch schon mal hier ver\u00f6ffentlicht, damit man den \u00dcberblick beh\u00e4lt und sich am Smartphone nicht zu Tode scrollen muss.<\/p>\n\n\n\n<div style=\"height:20px\" aria-hidden=\"true\" class=\"wp-block-spacer\"><\/div>\n\n\n\n<figure class=\"wp-block-image alignwide size-full\"><img loading=\"lazy\" decoding=\"async\" width=\"800\" height=\"40\" src=\"https:\/\/mt-eifel.de\/wp-content\/uploads\/2022\/10\/trenner-gelb-800x40-1.webp\" alt=\"\" class=\"wp-image-519\" srcset=\"https:\/\/mt-eifel.de\/wp-content\/uploads\/2022\/10\/trenner-gelb-800x40-1.webp 800w, https:\/\/mt-eifel.de\/wp-content\/uploads\/2022\/10\/trenner-gelb-800x40-1-300x15.webp 300w, https:\/\/mt-eifel.de\/wp-content\/uploads\/2022\/10\/trenner-gelb-800x40-1-768x38.webp 768w\" sizes=\"auto, (max-width: 800px) 100vw, 800px\" \/><\/figure>\n\n\n\n<div style=\"height:20px\" aria-hidden=\"true\" class=\"wp-block-spacer\"><\/div>\n\n\n<ul class=\"wp-block-latest-posts__list wp-block-latest-posts\"><li><a class=\"wp-block-latest-posts__post-title\" href=\"https:\/\/mt-eifel.de\/de_de\/uncategorized\/schrottwichteln\/\">Schrottwichteln<\/a><\/li>\n<li><a class=\"wp-block-latest-posts__post-title\" href=\"https:\/\/mt-eifel.de\/de_de\/alles\/regeln-fuer-biker-frankreich\/\">Regeln f\u00fcr Biker: Frankreich<\/a><\/li>\n<li><a class=\"wp-block-latest-posts__post-title\" href=\"https:\/\/mt-eifel.de\/de_de\/service\/touren-nah\/aachen-lichtenbusch-eupen-01\/\">Ost-Belgien ab Aachen #01<\/a><\/li>\n<li><a class=\"wp-block-latest-posts__post-title\" href=\"https:\/\/mt-eifel.de\/de_de\/uncategorized\/dueren-simmerath\/\">D\u00fcren &#8211; Simmerath<\/a><\/li>\n<li><a class=\"wp-block-latest-posts__post-title\" href=\"https:\/\/mt-eifel.de\/de_de\/alles\/regeln-fuer-biker-belgien\/\">Regeln f\u00fcr Biker: Belgien<\/a><\/li>\n<\/ul>","protected":false},"excerpt":{"rendered":"<p>Sind wir ein Verein oder Club? Wir sind Motorradfreunde und Freundinnen, die sich \u00fcber das Internet und im Alltag kennengelernt haben.Es gibt keine Mitgliedschaft und keinen Vorstand, sondern nur eine Freundschaft. Jeder kann mitmachen, jederzeit eine Pause einlegen oder sich einfach wieder verabschieden, weil es z.B. nicht ganz passt. Kosten entstehen keine, na ja, Benzin [&hellip;]<\/p>\n","protected":false},"author":3,"featured_media":1412,"parent":0,"menu_order":0,"comment_status":"closed","ping_status":"closed","template":"","meta":{"_uag_custom_page_level_css":"","footnotes":""},"class_list":["post-68","page","type-page","status-publish","has-post-thumbnail","hentry"],"uagb_featured_image_src":{"full":["https:\/\/mt-eifel.de\/wp-content\/uploads\/2024\/03\/about-us.webp",1024,214,false],"thumbnail":["https:\/\/mt-eifel.de\/wp-content\/uploads\/2024\/03\/about-us-150x150.webp",150,150,true],"medium":["https:\/\/mt-eifel.de\/wp-content\/uploads\/2024\/03\/about-us-300x63.webp",300,63,true],"medium_large":["https:\/\/mt-eifel.de\/wp-content\/uploads\/2024\/03\/about-us-768x161.webp",768,161,true],"large":["https:\/\/mt-eifel.de\/wp-content\/uploads\/2024\/03\/about-us.webp",1024,214,false],"1536x1536":["https:\/\/mt-eifel.de\/wp-content\/uploads\/2024\/03\/about-us.webp",1024,214,false],"2048x2048":["https:\/\/mt-eifel.de\/wp-content\/uploads\/2024\/03\/about-us.webp",1024,214,false],"trp-custom-language-flag":["https:\/\/mt-eifel.de\/wp-content\/uploads\/2024\/03\/about-us-18x4.webp",18,4,true]},"uagb_author_info":{"display_name":"Der Wolf","author_link":"https:\/\/mt-eifel.de\/de_de\/author\/wolf\/"},"uagb_comment_info":0,"uagb_excerpt":"Sind wir ein Verein oder Club? Wir sind Motorradfreunde und Freundinnen, die sich \u00fcber das Internet und im Alltag kennengelernt haben.Es gibt keine Mitgliedschaft und keinen Vorstand, sondern nur eine Freundschaft. Jeder kann mitmachen, jederzeit eine Pause einlegen oder sich einfach wieder verabschieden, weil es z.B. nicht ganz passt. Kosten entstehen keine, na ja, Benzin&hellip;","_links":{"self":[{"href":"https:\/\/mt-eifel.de\/de_de\/wp-json\/wp\/v2\/pages\/68","targetHints":{"allow":["GET"]}}],"collection":[{"href":"https:\/\/mt-eifel.de\/de_de\/wp-json\/wp\/v2\/pages"}],"about":[{"href":"https:\/\/mt-eifel.de\/de_de\/wp-json\/wp\/v2\/types\/page"}],"author":[{"embeddable":true,"href":"https:\/\/mt-eifel.de\/de_de\/wp-json\/wp\/v2\/users\/3"}],"replies":[{"embeddable":true,"href":"https:\/\/mt-eifel.de\/de_de\/wp-json\/wp\/v2\/comments?post=68"}],"version-history":[{"count":3,"href":"https:\/\/mt-eifel.de\/de_de\/wp-json\/wp\/v2\/pages\/68\/revisions"}],"predecessor-version":[{"id":1387,"href":"https:\/\/mt-eifel.de\/de_de\/wp-json\/wp\/v2\/pages\/68\/revisions\/1387"}],"wp:featuredmedia":[{"embeddable":true,"href":"https:\/\/mt-eifel.de\/de_de\/wp-json\/wp\/v2\/media\/1412"}],"wp:attachment":[{"href":"https:\/\/mt-eifel.de\/de_de\/wp-json\/wp\/v2\/media?parent=68"}],"curies":[{"name":"wp","href":"https:\/\/api.w.org\/{rel}","templated":true}]}}