{"id":522,"date":"2022-10-04T10:23:08","date_gmt":"2022-10-04T10:23:08","guid":{"rendered":"https:\/\/MTE.sky10.eu\/?page_id=522"},"modified":"2024-03-29T12:58:19","modified_gmt":"2024-03-29T11:58:19","slug":"motorrad-recht","status":"publish","type":"page","link":"https:\/\/mt-eifel.de\/de_de\/service\/motorrad-recht\/","title":{"rendered":"Motorrad &#038; Recht"},"content":{"rendered":"\n<p><\/p>\n\n\n\n<p>Einige Videos zur Juristerei im Zusammenhang mit dem Motorradfahren. Es geht um die Stra\u00dfenverkehrs-Ordnung, Um- und Anbauten, Vorschriften im Ausland, Unfall und vieles mehr.<\/p>\n\n\n<form role=\"search\" method=\"get\" action=\"https:\/\/mt-eifel.de\/de_de\/\" class=\"wp-block-search__button-outside wp-block-search__text-button wp-block-search\"    ><label class=\"wp-block-search__label screen-reader-text\" for=\"wp-block-search__input-1\" >Suchen<\/label><div class=\"wp-block-search__inside-wrapper\" ><input class=\"wp-block-search__input\" id=\"wp-block-search__input-1\" placeholder=\"\" value=\"\" type=\"search\" name=\"s\" required \/><button aria-label=\"Suchen\" class=\"wp-block-search__button has-background has-contrast-2-background-color wp-element-button\" type=\"submit\" >Suchen<\/button><\/div><\/form>\n\n\n<div style=\"height:32px\" aria-hidden=\"true\" class=\"wp-block-spacer\"><\/div>\n\n\n\n\t\t\t<div class=\"wp-block-uagb-post-grid uagb-post-grid  uagb-post__image-position-top uagb-post__image-enabled uagb-block-a741b62a     uagb-post__items uagb-post__columns-3 is-grid uagb-post__columns-tablet-2 uagb-post__columns-mobile-1 uagb-post__equal-height\" data-total=\"2\" style=\"\">\n\n\t\t\t\t\t\t\t\t\t\t\t\t<article class=\"uagb-post__inner-wrap\">\t\t\t\t\t\t\t\t<div class='uagb-post__image'>\n\t\t\t\t\t\t\t\t\t<a href=\"https:\/\/mt-eifel.de\/de_de\/service\/recht\/ueberwachung-eurer-durchschnittsgeschwindigkeit-rechtlich-moeglich\/\" target=\"_self\" rel=\"bookmark noopener noreferrer\" class='uagb-image-ratio-inherit'><img loading=\"lazy\" decoding=\"async\" width=\"600\" height=\"400\" src=\"https:\/\/mt-eifel.de\/wp-content\/uploads\/2024\/02\/Bike-Recht-Video-02.webp\" class=\"attachment-large size-large\" alt=\"\" srcset=\"https:\/\/mt-eifel.de\/wp-content\/uploads\/2024\/02\/Bike-Recht-Video-02.webp 600w, https:\/\/mt-eifel.de\/wp-content\/uploads\/2024\/02\/Bike-Recht-Video-02-300x200.webp 300w, https:\/\/mt-eifel.de\/wp-content\/uploads\/2024\/02\/Bike-Recht-Video-02-18x12.webp 18w\" sizes=\"auto, (max-width: 600px) 100vw, 600px\" \/>\t\t\t\t\t<\/a>\n\t\t\t\t\t\t\t<\/div>\n\t\t\t\t\t\t<h4 class=\"uagb-post__title uagb-post__text\">\n\t\t\t\t<a href=\"https:\/\/mt-eifel.de\/de_de\/service\/recht\/ueberwachung-eurer-durchschnittsgeschwindigkeit-rechtlich-moeglich\/\" target=\"_self\" rel=\"bookmark noopener noreferrer\">\u00dcberwachung Eurer Durchschnittsgeschwindigkeit rechtlich m\u00f6glich?<\/a>\n\t\t\t<\/h4>\n\t\t\t\t\t\t<div class='uagb-post__text uagb-post-grid-byline'>\n\t\t\t\t\t\t\t\t<time datetime=\"2024-02-15T02:38:42+01:00\" class=\"uagb-post__date\">\n\t\t\t\t<span class=\"dashicons-calendar dashicons\"><\/span>\t\t\t\t\t15. Februar 2024\t\t\t\t<\/time>\n\t\t\t\t\t\t\t<span class=\"uagb-post__comment\">\n\t\t\t\t<span class=\"dashicons-admin-comments dashicons\"><\/span>\t\t\t\t\tKeine Kommentare\t\t\t\t<\/span>\n\t\t\t\t\t\t<\/div>\n\t\t\t\t\t\t\t<div class='uagb-post__text uagb-post__excerpt'>\n\t\t\t\t\t<p>https:\/\/youtu.be\/RSz4I2nrOlU<\/p>\n\t\t\t\t<\/div>\n\t\t\t\t\t\t<div class=\"uagb-post__text uagb-post__cta wp-block-button\">\n\t\t\t\t<a class=\"wp-block-button__link uagb-text-link\" style=\"\" href=\"https:\/\/mt-eifel.de\/de_de\/service\/recht\/ueberwachung-eurer-durchschnittsgeschwindigkeit-rechtlich-moeglich\/\" target=\"_self\" rel=\"bookmark noopener noreferrer\">Weiterlesen<\/a>\n\t\t\t<\/div>\n\t\t\t\n\t\t\t\t\t\t\t\t\t<\/article>\n\t\t\t\t\t\t\t\t\t\t\t\t\t\t\t\t<article class=\"uagb-post__inner-wrap\">\t\t\t\t\t\t\t\t<div class='uagb-post__image'>\n\t\t\t\t\t\t\t\t\t<a href=\"https:\/\/mt-eifel.de\/de_de\/service\/recht\/tuev-abgelaufen-welche-strafen-drohen-ist-mein-auto-noch-versichert\/\" target=\"_self\" rel=\"bookmark noopener noreferrer\" class='uagb-image-ratio-inherit'><img loading=\"lazy\" decoding=\"async\" width=\"600\" height=\"400\" src=\"https:\/\/mt-eifel.de\/wp-content\/uploads\/2024\/02\/Bike-Recht-Video-02.webp\" class=\"attachment-large size-large\" alt=\"\" srcset=\"https:\/\/mt-eifel.de\/wp-content\/uploads\/2024\/02\/Bike-Recht-Video-02.webp 600w, https:\/\/mt-eifel.de\/wp-content\/uploads\/2024\/02\/Bike-Recht-Video-02-300x200.webp 300w, https:\/\/mt-eifel.de\/wp-content\/uploads\/2024\/02\/Bike-Recht-Video-02-18x12.webp 18w\" sizes=\"auto, (max-width: 600px) 100vw, 600px\" \/>\t\t\t\t\t<\/a>\n\t\t\t\t\t\t\t<\/div>\n\t\t\t\t\t\t<h4 class=\"uagb-post__title uagb-post__text\">\n\t\t\t\t<a href=\"https:\/\/mt-eifel.de\/de_de\/service\/recht\/tuev-abgelaufen-welche-strafen-drohen-ist-mein-auto-noch-versichert\/\" target=\"_self\" rel=\"bookmark noopener noreferrer\">T\u00dcV abgelaufen: Welche Strafen drohen &#038; ist mein Auto noch versichert?<\/a>\n\t\t\t<\/h4>\n\t\t\t\t\t\t<div class='uagb-post__text uagb-post-grid-byline'>\n\t\t\t\t\t\t\t\t<time datetime=\"2024-02-15T02:36:20+01:00\" class=\"uagb-post__date\">\n\t\t\t\t<span class=\"dashicons-calendar dashicons\"><\/span>\t\t\t\t\t15. Februar 2024\t\t\t\t<\/time>\n\t\t\t\t\t\t\t<span class=\"uagb-post__comment\">\n\t\t\t\t<span class=\"dashicons-admin-comments dashicons\"><\/span>\t\t\t\t\tKeine Kommentare\t\t\t\t<\/span>\n\t\t\t\t\t\t<\/div>\n\t\t\t\t\t\t\t<div class='uagb-post__text uagb-post__excerpt'>\n\t\t\t\t\t<p>https:\/\/youtu.be\/uxKV94NAGps<\/p>\n\t\t\t\t<\/div>\n\t\t\t\t\t\t<div class=\"uagb-post__text uagb-post__cta wp-block-button\">\n\t\t\t\t<a class=\"wp-block-button__link uagb-text-link\" style=\"\" href=\"https:\/\/mt-eifel.de\/de_de\/service\/recht\/tuev-abgelaufen-welche-strafen-drohen-ist-mein-auto-noch-versichert\/\" target=\"_self\" rel=\"bookmark noopener noreferrer\">Weiterlesen<\/a>\n\t\t\t<\/div>\n\t\t\t\n\t\t\t\t\t\t\t\t\t<\/article>\n\t\t\t\t\t\t\t\t\t\t\t\t\t\t\t\t<article class=\"uagb-post__inner-wrap\">\t\t\t\t\t\t\t\t<div class='uagb-post__image'>\n\t\t\t\t\t\t\t\t\t<a href=\"https:\/\/mt-eifel.de\/de_de\/service\/recht\/regenpause-unter-autobahnbruecke-fuer-motorradfahrer-legal\/\" target=\"_self\" rel=\"bookmark noopener noreferrer\" class='uagb-image-ratio-inherit'><img loading=\"lazy\" decoding=\"async\" width=\"600\" height=\"400\" src=\"https:\/\/mt-eifel.de\/wp-content\/uploads\/2024\/02\/Bike-Recht-Video-02.webp\" class=\"attachment-large size-large\" alt=\"\" srcset=\"https:\/\/mt-eifel.de\/wp-content\/uploads\/2024\/02\/Bike-Recht-Video-02.webp 600w, https:\/\/mt-eifel.de\/wp-content\/uploads\/2024\/02\/Bike-Recht-Video-02-300x200.webp 300w, https:\/\/mt-eifel.de\/wp-content\/uploads\/2024\/02\/Bike-Recht-Video-02-18x12.webp 18w\" sizes=\"auto, (max-width: 600px) 100vw, 600px\" \/>\t\t\t\t\t<\/a>\n\t\t\t\t\t\t\t<\/div>\n\t\t\t\t\t\t<h4 class=\"uagb-post__title uagb-post__text\">\n\t\t\t\t<a href=\"https:\/\/mt-eifel.de\/de_de\/service\/recht\/regenpause-unter-autobahnbruecke-fuer-motorradfahrer-legal\/\" target=\"_self\" rel=\"bookmark noopener noreferrer\">Regenpause unter Autobahnbr\u00fccke: F\u00fcr Motorradfahrer legal? |<\/a>\n\t\t\t<\/h4>\n\t\t\t\t\t\t<div class='uagb-post__text uagb-post-grid-byline'>\n\t\t\t\t\t\t\t\t<time datetime=\"2024-02-15T02:35:17+01:00\" class=\"uagb-post__date\">\n\t\t\t\t<span class=\"dashicons-calendar dashicons\"><\/span>\t\t\t\t\t15. Februar 2024\t\t\t\t<\/time>\n\t\t\t\t\t\t\t<span class=\"uagb-post__comment\">\n\t\t\t\t<span class=\"dashicons-admin-comments dashicons\"><\/span>\t\t\t\t\tKeine Kommentare\t\t\t\t<\/span>\n\t\t\t\t\t\t<\/div>\n\t\t\t\t\t\t\t<div class='uagb-post__text uagb-post__excerpt'>\n\t\t\t\t\t<p>https:\/\/youtu.be\/wzUfaadfqQc<\/p>\n\t\t\t\t<\/div>\n\t\t\t\t\t\t<div class=\"uagb-post__text uagb-post__cta wp-block-button\">\n\t\t\t\t<a class=\"wp-block-button__link uagb-text-link\" style=\"\" href=\"https:\/\/mt-eifel.de\/de_de\/service\/recht\/regenpause-unter-autobahnbruecke-fuer-motorradfahrer-legal\/\" target=\"_self\" rel=\"bookmark noopener noreferrer\">Weiterlesen<\/a>\n\t\t\t<\/div>\n\t\t\t\n\t\t\t\t\t\t\t\t\t<\/article>\n\t\t\t\t\t\t\t\t\t\t\t\t\t\t\t\t<article class=\"uagb-post__inner-wrap\">\t\t\t\t\t\t\t\t<div class='uagb-post__image'>\n\t\t\t\t\t\t\t\t\t<a href=\"https:\/\/mt-eifel.de\/de_de\/service\/recht\/motorradfahren-mit-dashcam-erlaubt-oder-verboten\/\" target=\"_self\" rel=\"bookmark noopener noreferrer\" class='uagb-image-ratio-inherit'><img loading=\"lazy\" decoding=\"async\" width=\"250\" height=\"188\" src=\"https:\/\/mt-eifel.de\/wp-content\/uploads\/2022\/12\/Dashcam.webp\" class=\"attachment-large size-large\" alt=\"\" \/>\t\t\t\t\t<\/a>\n\t\t\t\t\t\t\t<\/div>\n\t\t\t\t\t\t<h4 class=\"uagb-post__title uagb-post__text\">\n\t\t\t\t<a href=\"https:\/\/mt-eifel.de\/de_de\/service\/recht\/motorradfahren-mit-dashcam-erlaubt-oder-verboten\/\" target=\"_self\" rel=\"bookmark noopener noreferrer\">Motorradfahren mit Dashcam: Erlaubt oder verboten?<\/a>\n\t\t\t<\/h4>\n\t\t\t\t\t\t<div class='uagb-post__text uagb-post-grid-byline'>\n\t\t\t\t\t\t\t\t<time datetime=\"2022-12-04T11:40:13+01:00\" class=\"uagb-post__date\">\n\t\t\t\t<span class=\"dashicons-calendar dashicons\"><\/span>\t\t\t\t\t4. Dezember 2022\t\t\t\t<\/time>\n\t\t\t\t\t\t\t<span class=\"uagb-post__comment\">\n\t\t\t\t<span class=\"dashicons-admin-comments dashicons\"><\/span>\t\t\t\t\tKeine Kommentare\t\t\t\t<\/span>\n\t\t\t\t\t\t<\/div>\n\t\t\t\t\t\t\t<div class='uagb-post__text uagb-post__excerpt'>\n\t\t\t\t\t<p>Viele von uns finden Biker-Videos tollen, besonders wenn man das Video auch noch selbst bei der letzten Tour gemacht hat. Die Frage ist, darf man&#8230;\t\t\t\t<\/div>\n\t\t\t\t\t\t<div class=\"uagb-post__text uagb-post__cta wp-block-button\">\n\t\t\t\t<a class=\"wp-block-button__link uagb-text-link\" style=\"\" href=\"https:\/\/mt-eifel.de\/de_de\/service\/recht\/motorradfahren-mit-dashcam-erlaubt-oder-verboten\/\" target=\"_self\" rel=\"bookmark noopener noreferrer\">Weiterlesen<\/a>\n\t\t\t<\/div>\n\t\t\t\n\t\t\t\t\t\t\t\t\t<\/article>\n\t\t\t\t\t\t\t\t\t\t\t\t\t\t\t\t<article class=\"uagb-post__inner-wrap\">\t\t\t\t\t\t\t\t<div class='uagb-post__image'>\n\t\t\t\t\t\t\t\t\t<a href=\"https:\/\/mt-eifel.de\/de_de\/service\/recht\/motorrad-vs-autofahrer-die-8-groessten-irrtuemer-bloch-erklaert\/\" target=\"_self\" rel=\"bookmark noopener noreferrer\" class='uagb-image-ratio-inherit'><img loading=\"lazy\" decoding=\"async\" width=\"600\" height=\"400\" src=\"https:\/\/mt-eifel.de\/wp-content\/uploads\/2024\/02\/Bike-Recht-Video-02.webp\" class=\"attachment-large size-large\" alt=\"\" srcset=\"https:\/\/mt-eifel.de\/wp-content\/uploads\/2024\/02\/Bike-Recht-Video-02.webp 600w, https:\/\/mt-eifel.de\/wp-content\/uploads\/2024\/02\/Bike-Recht-Video-02-300x200.webp 300w, https:\/\/mt-eifel.de\/wp-content\/uploads\/2024\/02\/Bike-Recht-Video-02-18x12.webp 18w\" sizes=\"auto, (max-width: 600px) 100vw, 600px\" \/>\t\t\t\t\t<\/a>\n\t\t\t\t\t\t\t<\/div>\n\t\t\t\t\t\t<h4 class=\"uagb-post__title uagb-post__text\">\n\t\t\t\t<a href=\"https:\/\/mt-eifel.de\/de_de\/service\/recht\/motorrad-vs-autofahrer-die-8-groessten-irrtuemer-bloch-erklaert\/\" target=\"_self\" rel=\"bookmark noopener noreferrer\">Motorrad- vs. Autofahrer: Die 8 gr\u00f6\u00dften Irrt\u00fcmer &#8211; Bloch erkl\u00e4rt<\/a>\n\t\t\t<\/h4>\n\t\t\t\t\t\t<div class='uagb-post__text uagb-post-grid-byline'>\n\t\t\t\t\t\t\t\t<time datetime=\"2024-02-15T02:37:14+01:00\" class=\"uagb-post__date\">\n\t\t\t\t<span class=\"dashicons-calendar dashicons\"><\/span>\t\t\t\t\t15. Februar 2024\t\t\t\t<\/time>\n\t\t\t\t\t\t\t<span class=\"uagb-post__comment\">\n\t\t\t\t<span class=\"dashicons-admin-comments dashicons\"><\/span>\t\t\t\t\tKeine Kommentare\t\t\t\t<\/span>\n\t\t\t\t\t\t<\/div>\n\t\t\t\t\t\t\t<div class='uagb-post__text uagb-post__excerpt'>\n\t\t\t\t\t<p>https:\/\/youtu.be\/aaHVhddIyHg<\/p>\n\t\t\t\t<\/div>\n\t\t\t\t\t\t<div class=\"uagb-post__text uagb-post__cta wp-block-button\">\n\t\t\t\t<a class=\"wp-block-button__link uagb-text-link\" style=\"\" href=\"https:\/\/mt-eifel.de\/de_de\/service\/recht\/motorrad-vs-autofahrer-die-8-groessten-irrtuemer-bloch-erklaert\/\" target=\"_self\" rel=\"bookmark noopener noreferrer\">Weiterlesen<\/a>\n\t\t\t<\/div>\n\t\t\t\n\t\t\t\t\t\t\t\t\t<\/article>\n\t\t\t\t\t\t\t\t\t\t\t\t\t\t\t\t<article class=\"uagb-post__inner-wrap\">\t\t\t\t\t\t\t\t<div class='uagb-post__image'>\n\t\t\t\t\t\t\t\t\t<a href=\"https:\/\/mt-eifel.de\/de_de\/service\/recht\/fuehrerschein-kauf-im-internet-legal-oder-illegal\/\" target=\"_self\" rel=\"bookmark noopener noreferrer\" class='uagb-image-ratio-inherit'><img loading=\"lazy\" decoding=\"async\" width=\"250\" height=\"188\" src=\"https:\/\/mt-eifel.de\/wp-content\/uploads\/2022\/12\/Fuehrerschein-kaufen.webp\" class=\"attachment-large size-large\" alt=\"\" \/>\t\t\t\t\t<\/a>\n\t\t\t\t\t\t\t<\/div>\n\t\t\t\t\t\t<h4 class=\"uagb-post__title uagb-post__text\">\n\t\t\t\t<a href=\"https:\/\/mt-eifel.de\/de_de\/service\/recht\/fuehrerschein-kauf-im-internet-legal-oder-illegal\/\" target=\"_self\" rel=\"bookmark noopener noreferrer\">F\u00fchrerschein-Kauf im Internet: Legal oder Illegal?<\/a>\n\t\t\t<\/h4>\n\t\t\t\t\t\t<div class='uagb-post__text uagb-post-grid-byline'>\n\t\t\t\t\t\t\t\t<time datetime=\"2022-12-06T08:46:52+01:00\" class=\"uagb-post__date\">\n\t\t\t\t<span class=\"dashicons-calendar dashicons\"><\/span>\t\t\t\t\t6. Dezember 2022\t\t\t\t<\/time>\n\t\t\t\t\t\t\t<span class=\"uagb-post__comment\">\n\t\t\t\t<span class=\"dashicons-admin-comments dashicons\"><\/span>\t\t\t\t\tKeine Kommentare\t\t\t\t<\/span>\n\t\t\t\t\t\t<\/div>\n\t\t\t\t\t\t\t<div class='uagb-post__text uagb-post__excerpt'>\n\t\t\t\t\t<p>Ist es legal, wenn man einen F\u00fchrerschein im Internet kauft und kann man damit unbesorgt fahren?Die Antwort gibt es im YouTube-Video des ADAC. https:\/\/youtu.be\/oE8ZAb3K9l0 Mehr&#8230;\t\t\t\t<\/div>\n\t\t\t\t\t\t<div class=\"uagb-post__text uagb-post__cta wp-block-button\">\n\t\t\t\t<a class=\"wp-block-button__link uagb-text-link\" style=\"\" href=\"https:\/\/mt-eifel.de\/de_de\/service\/recht\/fuehrerschein-kauf-im-internet-legal-oder-illegal\/\" target=\"_self\" rel=\"bookmark noopener noreferrer\">Weiterlesen<\/a>\n\t\t\t<\/div>\n\t\t\t\n\t\t\t\t\t\t\t\t\t<\/article>\n\t\t\t\t\t\t\t\t\t\t\t\t\t\t\t\t<article class=\"uagb-post__inner-wrap\">\t\t\t\t\t\t\t\t<div class='uagb-post__image'>\n\t\t\t\t\t\t\t\t\t<a href=\"https:\/\/mt-eifel.de\/de_de\/service\/recht\/durchschlaengeln\/\" target=\"_self\" rel=\"bookmark noopener noreferrer\" class='uagb-image-ratio-inherit'><img loading=\"lazy\" decoding=\"async\" width=\"600\" height=\"400\" src=\"https:\/\/mt-eifel.de\/wp-content\/uploads\/2024\/02\/Bike-Recht-Video-02.webp\" class=\"attachment-large size-large\" alt=\"\" srcset=\"https:\/\/mt-eifel.de\/wp-content\/uploads\/2024\/02\/Bike-Recht-Video-02.webp 600w, https:\/\/mt-eifel.de\/wp-content\/uploads\/2024\/02\/Bike-Recht-Video-02-300x200.webp 300w, https:\/\/mt-eifel.de\/wp-content\/uploads\/2024\/02\/Bike-Recht-Video-02-18x12.webp 18w\" sizes=\"auto, (max-width: 600px) 100vw, 600px\" \/>\t\t\t\t\t<\/a>\n\t\t\t\t\t\t\t<\/div>\n\t\t\t\t\t\t<h4 class=\"uagb-post__title uagb-post__text\">\n\t\t\t\t<a href=\"https:\/\/mt-eifel.de\/de_de\/service\/recht\/durchschlaengeln\/\" target=\"_self\" rel=\"bookmark noopener noreferrer\">Durchschl\u00e4ngeln<\/a>\n\t\t\t<\/h4>\n\t\t\t\t\t\t<div class='uagb-post__text uagb-post-grid-byline'>\n\t\t\t\t\t\t\t\t<time datetime=\"2024-02-15T02:33:00+01:00\" class=\"uagb-post__date\">\n\t\t\t\t<span class=\"dashicons-calendar dashicons\"><\/span>\t\t\t\t\t15. Februar 2024\t\t\t\t<\/time>\n\t\t\t\t\t\t\t<span class=\"uagb-post__comment\">\n\t\t\t\t<span class=\"dashicons-admin-comments dashicons\"><\/span>\t\t\t\t\tKeine Kommentare\t\t\t\t<\/span>\n\t\t\t\t\t\t<\/div>\n\t\t\t\t\t\t\t<div class='uagb-post__text uagb-post__excerpt'>\n\t\t\t\t\t<p>DE 0:00 \/ 8:31 Bei Rot &amp; Hitze mit dem Motorrad durchschl\u00e4ngeln &#8211; Ist das erlaubt? DE 0:00 \/ 8:31 Bei Rot &amp; Hitze mit&#8230;\t\t\t\t<\/div>\n\t\t\t\t\t\t<div class=\"uagb-post__text uagb-post__cta wp-block-button\">\n\t\t\t\t<a class=\"wp-block-button__link uagb-text-link\" style=\"\" href=\"https:\/\/mt-eifel.de\/de_de\/service\/recht\/durchschlaengeln\/\" target=\"_self\" rel=\"bookmark noopener noreferrer\">Weiterlesen<\/a>\n\t\t\t<\/div>\n\t\t\t\n\t\t\t\t\t\t\t\t\t<\/article>\n\t\t\t\t\t\t\t\t\t\t\t\t\t\t\t\t<article class=\"uagb-post__inner-wrap\">\t\t\t\t\t\t\t\t<h4 class=\"uagb-post__title uagb-post__text\">\n\t\t\t\t<a href=\"https:\/\/mt-eifel.de\/de_de\/service\/recht\/bussgeld-tempolimit-einreise-das-aendert-sich-2021-im-ausland-fuer-euch\/\" target=\"_self\" rel=\"bookmark noopener noreferrer\">Bu\u00dfgeld, Tempolimit, Einreise: Das \u00e4ndert sich 2021 im Ausland f\u00fcr Euch!<\/a>\n\t\t\t<\/h4>\n\t\t\t\t\t\t<div class='uagb-post__text uagb-post-grid-byline'>\n\t\t\t\t\t\t\t\t<time datetime=\"2021-01-01T02:37:00+01:00\" class=\"uagb-post__date\">\n\t\t\t\t<span class=\"dashicons-calendar dashicons\"><\/span>\t\t\t\t\t1. Januar 2021\t\t\t\t<\/time>\n\t\t\t\t\t\t\t<span class=\"uagb-post__comment\">\n\t\t\t\t<span class=\"dashicons-admin-comments dashicons\"><\/span>\t\t\t\t\tKeine Kommentare\t\t\t\t<\/span>\n\t\t\t\t\t\t<\/div>\n\t\t\t\t\t\t\t<div class='uagb-post__text uagb-post__excerpt'>\n\t\t\t\t\t<p>https:\/\/youtu.be\/NMBTt1oa7SI Das Video wurde vom ADAC auf seinem YouTube-Kanal gepostet. Beim Aufruf wird eine Verbindung zu YouTube hergestellt und entsprechende Daten an YouTube \u00fcbermittelt. In&#8230;\t\t\t\t<\/div>\n\t\t\t\t\t\t<div class=\"uagb-post__text uagb-post__cta wp-block-button\">\n\t\t\t\t<a class=\"wp-block-button__link uagb-text-link\" style=\"\" href=\"https:\/\/mt-eifel.de\/de_de\/service\/recht\/bussgeld-tempolimit-einreise-das-aendert-sich-2021-im-ausland-fuer-euch\/\" target=\"_self\" rel=\"bookmark noopener noreferrer\">Weiterlesen<\/a>\n\t\t\t<\/div>\n\t\t\t\n\t\t\t\t\t\t\t\t\t<\/article>\n\t\t\t\t\t\t\t\t\t\t\t\t\t\t\t\t<article class=\"uagb-post__inner-wrap\">\t\t\t\t\t\t\t\t<div class='uagb-post__image'>\n\t\t\t\t\t\t\t\t\t<a href=\"https:\/\/mt-eifel.de\/de_de\/service\/recht\/2023-neu-im-verkehrsrecht\/\" target=\"_self\" rel=\"bookmark noopener noreferrer\" class='uagb-image-ratio-inherit'><img loading=\"lazy\" decoding=\"async\" width=\"250\" height=\"188\" src=\"https:\/\/mt-eifel.de\/wp-content\/uploads\/2022\/12\/neu-2023.webp\" class=\"attachment-large size-large\" alt=\"\" \/>\t\t\t\t\t<\/a>\n\t\t\t\t\t\t\t<\/div>\n\t\t\t\t\t\t<h4 class=\"uagb-post__title uagb-post__text\">\n\t\t\t\t<a href=\"https:\/\/mt-eifel.de\/de_de\/service\/recht\/2023-neu-im-verkehrsrecht\/\" target=\"_self\" rel=\"bookmark noopener noreferrer\">2023 Neu im Verkehrsrecht<\/a>\n\t\t\t<\/h4>\n\t\t\t\t\t\t<div class='uagb-post__text uagb-post-grid-byline'>\n\t\t\t\t\t\t\t\t<time datetime=\"2022-12-06T10:59:07+01:00\" class=\"uagb-post__date\">\n\t\t\t\t<span class=\"dashicons-calendar dashicons\"><\/span>\t\t\t\t\t6. Dezember 2022\t\t\t\t<\/time>\n\t\t\t\t\t\t\t<span class=\"uagb-post__comment\">\n\t\t\t\t<span class=\"dashicons-admin-comments dashicons\"><\/span>\t\t\t\t\tKeine Kommentare\t\t\t\t<\/span>\n\t\t\t\t\t\t<\/div>\n\t\t\t\t\t\t\t<div class='uagb-post__text uagb-post__excerpt'>\n\t\t\t\t\t<p>Was \u00e4ndert sich, was ist neu im Verkehrsrecht? Die wichtigsten \u00c4nderungen im Jahr 2023 seht ihr im Video. https:\/\/youtu.be\/CFQrbL3W7Ik Mehr Informationen gibt es im YouTube-Kanal&#8230;\t\t\t\t<\/div>\n\t\t\t\t\t\t<div class=\"uagb-post__text uagb-post__cta wp-block-button\">\n\t\t\t\t<a class=\"wp-block-button__link uagb-text-link\" style=\"\" href=\"https:\/\/mt-eifel.de\/de_de\/service\/recht\/2023-neu-im-verkehrsrecht\/\" target=\"_self\" rel=\"bookmark noopener noreferrer\">Weiterlesen<\/a>\n\t\t\t<\/div>\n\t\t\t\n\t\t\t\t\t\t\t\t\t<\/article>\n\t\t\t\t\t\t\t\t\t\t\t\t\t<div class=\"uagb-post-pagination-wrap\">\n\t\t\t\t\t\t<span aria-current=\"page\" class=\"page-numbers current\">1<\/span>\n<a class=\"page-numbers\" href=\"https:\/\/mt-eifel.de\/de_de\/wp-json\/wp\/v2\/pages\/522\/page\/2\/\">2<\/a>\n<a class=\"next page-numbers\" href=\"https:\/\/mt-eifel.de\/de_de\/wp-json\/wp\/v2\/pages\/522\/page\/2\/\">Next \u00bb<\/a>\t\t\t\t\t<\/div>\n\t\t\t\t\t\t\t\t<\/div>\n\t\t\t","protected":false},"excerpt":{"rendered":"<p>Einige Videos zur Juristerei im Zusammenhang mit dem Motorradfahren. Es geht um die Stra\u00dfenverkehrs-Ordnung, Um- und Anbauten, Vorschriften im Ausland, Unfall und vieles mehr.<\/p>\n","protected":false},"author":3,"featured_media":1516,"parent":1141,"menu_order":40,"comment_status":"closed","ping_status":"closed","template":"","meta":{"_uag_custom_page_level_css":"","footnotes":""},"class_list":["post-522","page","type-page","status-publish","has-post-thumbnail","hentry"],"uagb_featured_image_src":{"full":["https:\/\/mt-eifel.de\/wp-content\/uploads\/2024\/03\/old-bike-800px.webp",800,236,false],"thumbnail":["https:\/\/mt-eifel.de\/wp-content\/uploads\/2024\/03\/old-bike-800px-150x150.webp",150,150,true],"medium":["https:\/\/mt-eifel.de\/wp-content\/uploads\/2024\/03\/old-bike-800px-300x89.webp",300,89,true],"medium_large":["https:\/\/mt-eifel.de\/wp-content\/uploads\/2024\/03\/old-bike-800px-768x227.webp",768,227,true],"large":["https:\/\/mt-eifel.de\/wp-content\/uploads\/2024\/03\/old-bike-800px.webp",800,236,false],"1536x1536":["https:\/\/mt-eifel.de\/wp-content\/uploads\/2024\/03\/old-bike-800px.webp",800,236,false],"2048x2048":["https:\/\/mt-eifel.de\/wp-content\/uploads\/2024\/03\/old-bike-800px.webp",800,236,false],"trp-custom-language-flag":["https:\/\/mt-eifel.de\/wp-content\/uploads\/2024\/03\/old-bike-800px-18x5.webp",18,5,true]},"uagb_author_info":{"display_name":"Der Wolf","author_link":"https:\/\/mt-eifel.de\/de_de\/author\/wolf\/"},"uagb_comment_info":0,"uagb_excerpt":"Einige Videos zur Juristerei im Zusammenhang mit dem Motorradfahren. Es geht um die Stra\u00dfenverkehrs-Ordnung, Um- und Anbauten, Vorschriften im Ausland, Unfall und vieles mehr.","_links":{"self":[{"href":"https:\/\/mt-eifel.de\/de_de\/wp-json\/wp\/v2\/pages\/522","targetHints":{"allow":["GET"]}}],"collection":[{"href":"https:\/\/mt-eifel.de\/de_de\/wp-json\/wp\/v2\/pages"}],"about":[{"href":"https:\/\/mt-eifel.de\/de_de\/wp-json\/wp\/v2\/types\/page"}],"author":[{"embeddable":true,"href":"https:\/\/mt-eifel.de\/de_de\/wp-json\/wp\/v2\/users\/3"}],"replies":[{"embeddable":true,"href":"https:\/\/mt-eifel.de\/de_de\/wp-json\/wp\/v2\/comments?post=522"}],"version-history":[{"count":8,"href":"https:\/\/mt-eifel.de\/de_de\/wp-json\/wp\/v2\/pages\/522\/revisions"}],"predecessor-version":[{"id":1524,"href":"https:\/\/mt-eifel.de\/de_de\/wp-json\/wp\/v2\/pages\/522\/revisions\/1524"}],"up":[{"embeddable":true,"href":"https:\/\/mt-eifel.de\/de_de\/wp-json\/wp\/v2\/pages\/1141"}],"wp:featuredmedia":[{"embeddable":true,"href":"https:\/\/mt-eifel.de\/de_de\/wp-json\/wp\/v2\/media\/1516"}],"wp:attachment":[{"href":"https:\/\/mt-eifel.de\/de_de\/wp-json\/wp\/v2\/media?parent=522"}],"curies":[{"name":"wp","href":"https:\/\/api.w.org\/{rel}","templated":true}]}}