{"id":387,"date":"2022-09-26T23:36:39","date_gmt":"2022-09-26T23:36:39","guid":{"rendered":"https:\/\/MTE.sky10.eu\/?page_id=387"},"modified":"2025-06-07T14:37:18","modified_gmt":"2025-06-07T12:37:18","slug":"touren","status":"publish","type":"page","link":"https:\/\/mt-eifel.de\/de_de\/touren\/","title":{"rendered":"Touren"},"content":{"rendered":"\n<div style=\"height:35px\" aria-hidden=\"true\" class=\"wp-block-spacer\"><\/div>\n\n\n\n<h1 class=\"wp-block-heading\">Touren<\/h1>\n\n\n\n<p style=\"font-size:clamp(0.875rem, 0.875rem + ((1vw - 0.2rem) * 0.625), 1.25rem);\">Ihr findet hier Touren, die wir als Gruppe schon gefahren sind und Touren, die wir als Vorschlag f\u00fcr spontane Fahrten vorbereitet haben. <br>Naturgem\u00e4\u00df f\u00fchren die meisten durch die Eifel und angrenzende Landschaften, wie Ardennen, Luxemburg, Belgien oder Westerwald. Alle Touren lassen sich als gpx-Datei herunterladen. Viele Apps und Navis haben eine Importfunktion f\u00fcr dieses Format. Die Touren werden aber meistens etwas verf\u00e4lscht, besonders Google-Maps macht da gro\u00dfe Probleme. <br>Die Beschreibung ist naturgem\u00e4\u00df bei den schon gefahrenen Touren etwas ausf\u00fchrlicher und h\u00e4ufig sind Foto und Videos zu finden.<br>Die Originaltour findet ihr, wenn ihr dem Link zu Calimoto folgt. Der Aufruf ist kostenlos, auch f\u00fcr Leute, die kein Calimoto haben. Mit Calimoto planen wir unsere Touren, ihr seht also die originale Tour.<br>Wer sich unserer Gruppe anschlie\u00dfen will, kann uns gerne anschreiben.<\/p>\n\n\n\n<div class=\"wp-block-group has-global-padding is-layout-constrained wp-block-group-is-layout-constrained\">\n<div class=\"wp-block-buttons is-content-justification-center is-layout-flex wp-container-core-buttons-is-layout-a89b3969 wp-block-buttons-is-layout-flex\">\n<div class=\"wp-block-button\"><a class=\"wp-block-button__link has-contrast-color has-accent-5-background-color has-text-color has-background has-link-color has-custom-font-size wp-element-button\" href=\"https:\/\/mt-eifel.de\/touren\/touren-vorschlaege-2\/\" style=\"border-radius:25px;padding-top:var(--wp--preset--spacing--10);padding-right:var(--wp--preset--spacing--10);padding-bottom:var(--wp--preset--spacing--10);padding-left:var(--wp--preset--spacing--10);font-size:clamp(0.875rem, 0.875rem + ((1vw - 0.2rem) * 0.375), 1.1rem);\">Tourenvorschl\u00e4gen<\/a><\/div>\n\n\n\n<div class=\"wp-block-button\"><a class=\"wp-block-button__link has-contrast-color has-accent-5-background-color has-text-color has-background has-link-color has-custom-font-size wp-element-button\" href=\"https:\/\/mt-eifel.de\/touren\/gefahrene-touren\/\" style=\"border-radius:25px;padding-top:var(--wp--preset--spacing--10);padding-right:var(--wp--preset--spacing--10);padding-bottom:var(--wp--preset--spacing--10);padding-left:var(--wp--preset--spacing--10);font-size:clamp(0.875rem, 0.875rem + ((1vw - 0.2rem) * 0.375), 1.1rem);\">Gefahrene Touren<\/a><\/div>\n\n\n\n<div class=\"wp-block-button\"><a class=\"wp-block-button__link has-contrast-color has-accent-5-background-color has-text-color has-background has-link-color has-custom-font-size wp-element-button\" href=\"https:\/\/mt-eifel.de\/touren\/touren-feierabend-2\/\" style=\"border-style:none;border-width:0px;border-radius:25px;padding-top:var(--wp--preset--spacing--10);padding-right:var(--wp--preset--spacing--20);padding-bottom:var(--wp--preset--spacing--10);padding-left:var(--wp--preset--spacing--20);font-size:clamp(0.875em, 0.875rem + ((1vw - 0.2em) * 0.542), 1.2em);\">Feierabendtouren<\/a><\/div>\n\n\n\n<div class=\"wp-block-button\"><a class=\"wp-block-button__link has-contrast-color has-accent-5-background-color has-text-color has-background has-link-color has-custom-font-size wp-element-button\" href=\"https:\/\/mt-eifel.de\/touren\/\" style=\"border-radius:25px;padding-top:var(--wp--preset--spacing--10);padding-right:var(--wp--preset--spacing--10);padding-bottom:var(--wp--preset--spacing--10);padding-left:var(--wp--preset--spacing--10);font-size:clamp(0.875rem, 0.875rem + ((1vw - 0.2rem) * 0.375), 1.1rem);\">zur \u00dcbersicht<\/a><\/div>\n<\/div>\n\n\n\n<hr class=\"wp-block-separator has-text-color has-contrast-2-color has-alpha-channel-opacity has-contrast-2-background-color has-background is-style-default\" style=\"margin-top:var(--wp--preset--spacing--40);margin-bottom:var(--wp--preset--spacing--40)\"\/>\n<\/div>\n\n\n\n<h2 class=\"wp-block-heading\">Nur eine kleine Auswahl:<\/h2>\n\n\n\n<div style=\"height:10px\" aria-hidden=\"true\" class=\"wp-block-spacer\"><\/div>\n\n\n\n<div class=\"wp-block-group has-global-padding is-layout-constrained wp-block-group-is-layout-constrained\">\n<div style=\"height:15px\" aria-hidden=\"true\" class=\"wp-block-spacer\"><\/div>\n\n\n\n<h3 class=\"wp-block-heading\"><strong>Saison Er\u00f6ffnungstour 2025 \/ Ardennen<\/strong><br>Roetgen\/Eifel &#8211; Eupen &#8211; Hohe Venn &#8211; Malmedy &#8211; Stavelot &#8211; Spa &#8211; an Verviers vorbei &#8211; Kloster Val-Dieu &#8211; Soldatenfriedhof Henri-Chapelle &#8211; Kelmis &#8211; Roetgen<\/h3>\n\n\n\n<div style=\"height:35px\" aria-hidden=\"true\" class=\"wp-block-spacer\"><\/div>\n\n\n\n<div class=\"wp-block-columns is-layout-flex wp-container-core-columns-is-layout-28f84493 wp-block-columns-is-layout-flex\">\n<div class=\"wp-block-column is-layout-flow wp-block-column-is-layout-flow\" style=\"flex-basis:33.33%\">\n<figure class=\"wp-block-image aligncenter size-large is-resized has-custom-border\"><a href=\"https:\/\/mt-eifel.de\/wp-content\/uploads\/2024\/05\/Dueren-Bochum-Zeche-Hannover.webp\"><img loading=\"lazy\" decoding=\"async\" width=\"759\" height=\"1024\" src=\"https:\/\/mt-eifel.de\/wp-content\/uploads\/2024\/05\/Dueren-Bochum-Zeche-Hannover-759x1024.webp\" alt=\"\" class=\"wp-image-1754\" style=\"border-width:2px;border-radius:20px;width:auto;height:200px\" srcset=\"https:\/\/mt-eifel.de\/wp-content\/uploads\/2024\/05\/Dueren-Bochum-Zeche-Hannover-759x1024.webp 759w, https:\/\/mt-eifel.de\/wp-content\/uploads\/2024\/05\/Dueren-Bochum-Zeche-Hannover-222x300.webp 222w, https:\/\/mt-eifel.de\/wp-content\/uploads\/2024\/05\/Dueren-Bochum-Zeche-Hannover-768x1036.webp 768w, https:\/\/mt-eifel.de\/wp-content\/uploads\/2024\/05\/Dueren-Bochum-Zeche-Hannover-9x12.webp 9w, https:\/\/mt-eifel.de\/wp-content\/uploads\/2024\/05\/Dueren-Bochum-Zeche-Hannover.webp 874w\" sizes=\"auto, (max-width: 759px) 100vw, 759px\" \/><\/a><\/figure>\n<\/div>\n\n\n\n<div class=\"wp-block-column is-layout-flow wp-block-column-is-layout-flow\" style=\"flex-basis:66.66%\">\n<p class=\"has-large-font-size\"><strong>Streckendaten:<\/strong><\/p>\n\n\n\n<ul class=\"wp-block-list\">\n<li>L\u00e4nge ca. 180 km<\/li>\n\n\n\n<li>Fahrzeit ca. 3:40 Stunden<\/li>\n\n\n\n<li>Kurvenindex laut Calimoto: 55\/100<\/li>\n\n\n\n<li>L\u00e4nder: Deutschland<\/li>\n<\/ul>\n\n\n\n<div class=\"wp-block-buttons is-layout-flex wp-block-buttons-is-layout-flex\">\n<div class=\"wp-block-button is-style-fill\"><a class=\"wp-block-button__link has-contrast-color has-accent-5-background-color has-text-color has-background has-link-color has-medium-font-size has-custom-font-size wp-element-button\" href=\"https:\/\/mt-eifel.de\/wp-content\/uploads\/download\/t003.gpx\" style=\"border-style:none;border-width:0px;border-radius:15px\">Strecke als .pgx-Datei zum Downloaden<\/a><\/div>\n<\/div>\n<\/div>\n<\/div>\n\n\n\n<details class=\"wp-block-details has-accent-5-background-color has-background is-layout-flow wp-container-core-details-is-layout-e3d1c41b wp-block-details-is-layout-flow\"><summary>Streckenbeschreibung und weitere Infos<\/summary>\n<p>Rundtour: Start\/Ziel ist die B\u00e4ckerei Moss in 52159 Roetgen in der Eifel. Dort gibt es kostenlose Parkpl\u00e4tze und man kann bei einem Kaffee warten, bis alle da sind. Die Tour f\u00fchrt von Roetgen nach Eupen\/Belgien, in die Ardennen. Weiter geht es durch das Naturschutzgebiet &#8222;Hohes Venn&#8220; nach Malmedy. Achtung, selbst im April muss man im Hohen Venn noch mit Frost und Schnee rechnen. Malmedy  und Stavelot sind sehr sch\u00f6ne Historische Orte, die eine Pause wert sind. Wir machen in Stavelot daher eine Pommespause. Es geht dann weiter nach Spa, \u00fcber die &#8222;Cascade de Coo&#8220; <sup>1<\/sup> an Verviers vorbei zum Kloster Val-Dieu. Nat\u00fcrlich nutzen wir wieder viele kleine Stra\u00dfen um dem Verkehr zu entgehen. Im ehemaligen Kloster Val-Dieu <sup>2<\/sup> legen wir nochmal eine Pause ein, um uns zu st\u00e4rken. Weiter geht es zu Soldatenfriedhof von Henri-Chapelle <sup>3<\/sup>, hier gibt es einen kleinen Stopp, um noch einmal den Blick \u00fcber ganz Ost-Belgien zu genie\u00dfen. Von dort geht es weiter \u00fcber Kelmis zur\u00fcck nach Roetgen.<br><\/p>\n\n\n\n<p><strong>Weiterf\u00fchrende Links:<\/strong><br>Unsere Biker-Infoseite zu Belgien findet ihr <a href=\"https:\/\/mt-eifel.de\/de_de\/service\/regeln-fuer-biker-belgien\/\"><strong>hier<\/strong><\/a>.<br><br>#1 Der Coo-Wasserfall, eine beliebte Sehensw\u00fcrdigkeit in der Wallonie, ist der h\u00f6chste nat\u00fcrliche Wasserfall in Belgien. In der N\u00e4he von Stavelot st\u00fcrzt die Ambl\u00e8ve aus einer H\u00f6he von 15 m hinab! <a href=\"https:\/\/visitwallonia.de\/de\/content\/der-wasserfall-von-coo-und-sein-natursee-province-de-liege\" target=\"_blank\" rel=\"noreferrer noopener nofollow\"><strong>mehr Infos<\/strong><\/a><br>#2 Die Webseite der <a href=\"https:\/\/www.abbaye-du-val-dieu.be\/de\/\" target=\"_blank\" rel=\"noreferrer noopener nofollow\"><strong>Abbaye Val-Dieu<\/strong><\/a><br>#3 Geschichte zum Soldatenfriedhof, Henri-Chapelle.  <strong><a href=\"https:\/\/www.landofmemory.eu\/de\/sites-historiques\/amerikanischer-friedhof-henri-chapelle\/\" target=\"_blank\" rel=\"noreferrer noopener nofollow\">mehr infos<\/a><\/strong><\/p>\n<\/details>\n\n\n\n<div style=\"height:30px\" aria-hidden=\"true\" class=\"wp-block-spacer\"><\/div>\n\n\n\n<hr class=\"wp-block-separator has-text-color has-accent-5-color has-alpha-channel-opacity has-accent-5-background-color has-background\"\/>\n<\/div>\n\n\n\n<div class=\"wp-block-group has-global-padding is-layout-constrained wp-block-group-is-layout-constrained\">\n<div style=\"height:15px\" aria-hidden=\"true\" class=\"wp-block-spacer\"><\/div>\n\n\n\n<h3 class=\"wp-block-heading\">D\u00fcren &#8211; Bedburg &#8211; D\u00fcsseldorf &#8211; Bochum (Zeche Hannover) &#8211; Solingen &#8211; Hitdorf (F\u00e4hre) &#8211; H\u00fcrth &#8211; Z\u00fclpich<\/h3>\n\n\n\n<div style=\"height:35px\" aria-hidden=\"true\" class=\"wp-block-spacer\"><\/div>\n\n\n\n<div class=\"wp-block-columns is-layout-flex wp-container-core-columns-is-layout-28f84493 wp-block-columns-is-layout-flex\">\n<div class=\"wp-block-column is-layout-flow wp-block-column-is-layout-flow\" style=\"flex-basis:33.33%\">\n<figure class=\"wp-block-image aligncenter size-large is-resized has-custom-border\"><a href=\"https:\/\/mt-eifel.de\/wp-content\/uploads\/2024\/05\/Dueren-Bochum-Zeche-Hannover.webp\"><img loading=\"lazy\" decoding=\"async\" width=\"759\" height=\"1024\" src=\"https:\/\/mt-eifel.de\/wp-content\/uploads\/2024\/05\/Dueren-Bochum-Zeche-Hannover-759x1024.webp\" alt=\"\" class=\"wp-image-1754\" style=\"border-width:2px;border-radius:20px;width:auto;height:200px\" srcset=\"https:\/\/mt-eifel.de\/wp-content\/uploads\/2024\/05\/Dueren-Bochum-Zeche-Hannover-759x1024.webp 759w, https:\/\/mt-eifel.de\/wp-content\/uploads\/2024\/05\/Dueren-Bochum-Zeche-Hannover-222x300.webp 222w, https:\/\/mt-eifel.de\/wp-content\/uploads\/2024\/05\/Dueren-Bochum-Zeche-Hannover-768x1036.webp 768w, https:\/\/mt-eifel.de\/wp-content\/uploads\/2024\/05\/Dueren-Bochum-Zeche-Hannover-9x12.webp 9w, https:\/\/mt-eifel.de\/wp-content\/uploads\/2024\/05\/Dueren-Bochum-Zeche-Hannover.webp 874w\" sizes=\"auto, (max-width: 759px) 100vw, 759px\" \/><\/a><\/figure>\n<\/div>\n\n\n\n<div class=\"wp-block-column is-layout-flow wp-block-column-is-layout-flow\" style=\"flex-basis:66.66%\">\n<p class=\"has-large-font-size\"><strong>Streckendaten:<\/strong><\/p>\n\n\n\n<ul class=\"wp-block-list\">\n<li>L\u00e4nge ca. 195 km<\/li>\n\n\n\n<li>Fahrzeit ca. 3:40 Stunden ohne Pausen<\/li>\n\n\n\n<li>Kurvenindex laut Calimoto: 55\/100<\/li>\n\n\n\n<li>L\u00e4nder: Deutschland, Belgien<\/li>\n<\/ul>\n\n\n\n<div class=\"wp-block-buttons is-layout-flex wp-block-buttons-is-layout-flex\">\n<div class=\"wp-block-button is-style-fill\"><a class=\"wp-block-button__link has-contrast-color has-accent-5-background-color has-text-color has-background has-link-color has-medium-font-size has-custom-font-size wp-element-button\" href=\"https:\/\/mt-eifel.de\/wp-content\/uploads\/download\/t003.gpx\" style=\"border-style:none;border-width:0px;border-radius:15px\">Strecke als .pgx-Datei zum Downloaden<\/a><\/div>\n<\/div>\n<\/div>\n<\/div>\n\n\n\n<details class=\"wp-block-details has-accent-5-background-color has-background is-layout-flow wp-container-core-details-is-layout-e3d1c41b wp-block-details-is-layout-flow\"><summary>Streckenbeschreibung und weitere Infos<\/summary>\n<p>Die Strecke f\u00fchrt uns von D\u00fcren in Richtung D\u00fcsseldorf und dann \u00fcber Land, zum Teil an der Ruhr vorbei nach Gelsenkirchen. Kurz danach kommen wir an der Zeche Hannover in Bochum an. Dort sollte man an der Erlebnisf\u00fchrungen mit Vorf\u00fchrung der historischen Dampff\u00f6rdermaschine teilnehmen. Zur\u00fcck geht es durch das Bergische Land, bis zur Rheinf\u00e4hre in Hitdorf. Dort setzen wir \u00fcber und fahren via Pullheim und H\u00fcrth, nach Z\u00fclpich. Die Strecke ist auch f\u00fcr Anf\u00e4nger gut geeignet.<br>Vorteil:<br>Durch die vielen Autobahnen in der N\u00e4he, kann man die Strecke bei Zeitnot oder schlechterem Wetter immer etwas k\u00fcrzen.<\/p>\n<\/details>\n\n\n\n<div style=\"height:30px\" aria-hidden=\"true\" class=\"wp-block-spacer\"><\/div>\n\n\n\n<hr class=\"wp-block-separator has-text-color has-accent-5-color has-alpha-channel-opacity has-accent-5-background-color has-background\"\/>\n<\/div>\n\n\n\n<div class=\"wp-block-group has-global-padding is-layout-constrained wp-block-group-is-layout-constrained\">\n<div style=\"height:15px\" aria-hidden=\"true\" class=\"wp-block-spacer\"><\/div>\n\n\n\n<h3 class=\"wp-block-heading\">D\u00fcren &#8211; Eupen &#8211; Hohes Venn &#8211; Malmedy &#8211; Sankt Vith &#8211; Bleialf &#8211; Simmerath<\/h3>\n\n\n\n<div style=\"height:35px\" aria-hidden=\"true\" class=\"wp-block-spacer\"><\/div>\n\n\n\n<div class=\"wp-block-columns is-layout-flex wp-container-core-columns-is-layout-28f84493 wp-block-columns-is-layout-flex\">\n<div class=\"wp-block-column is-layout-flow wp-block-column-is-layout-flow\" style=\"flex-basis:33.33%\">\n<figure class=\"wp-block-image aligncenter size-full has-custom-border is-style-rounded is-style-rounded--1\"><a href=\"https:\/\/mt-eifel.de\/wp-content\/uploads\/2024\/05\/Dueren-\u2013-Eupen-\u2013-Hohes-Venn-\u2013-Malmedy-\u2013-Sankt-Vith-\u2013-Bleialf-\u2013-Simmerath.webp\" target=\"_blank\" rel=\"noreferrer noopener\"><img loading=\"lazy\" decoding=\"async\" width=\"148\" height=\"200\" src=\"https:\/\/mt-eifel.de\/wp-content\/uploads\/2024\/05\/Dueren-\u2013-Eupen-\u2013-Hohes-Venn-\u2013-Malmedy-\u2013-Sankt-Vith-\u2013-Bleialf-\u2013-Simmerath-200.webp\" alt=\"\" class=\"wp-image-1670\" style=\"border-width:2px;border-radius:20px\" srcset=\"https:\/\/mt-eifel.de\/wp-content\/uploads\/2024\/05\/Dueren-\u2013-Eupen-\u2013-Hohes-Venn-\u2013-Malmedy-\u2013-Sankt-Vith-\u2013-Bleialf-\u2013-Simmerath-200.webp 148w, https:\/\/mt-eifel.de\/wp-content\/uploads\/2024\/05\/Dueren-\u2013-Eupen-\u2013-Hohes-Venn-\u2013-Malmedy-\u2013-Sankt-Vith-\u2013-Bleialf-\u2013-Simmerath-200-9x12.webp 9w\" sizes=\"auto, (max-width: 148px) 100vw, 148px\" \/><\/a><\/figure>\n<\/div>\n\n\n\n<div class=\"wp-block-column is-layout-flow wp-block-column-is-layout-flow\" style=\"flex-basis:66.66%\">\n<p class=\"has-large-font-size\"><strong>Streckendaten:<\/strong><\/p>\n\n\n\n<ul class=\"wp-block-list\">\n<li>L\u00e4nge ca. 195 km<\/li>\n\n\n\n<li>Fahrzeit ca. 3:40 Stunden<\/li>\n\n\n\n<li>Kurvenindex laut Calimoto: 57\/100<\/li>\n\n\n\n<li>L\u00e4nder: Deutschland, Belgien<\/li>\n<\/ul>\n\n\n\n<div class=\"wp-block-buttons is-layout-flex wp-block-buttons-is-layout-flex\">\n<div class=\"wp-block-button is-style-fill\"><a class=\"wp-block-button__link has-contrast-color has-accent-5-background-color has-text-color has-background has-link-color has-medium-font-size has-custom-font-size wp-element-button\" href=\"https:\/\/mt-eifel.de\/wp-content\/uploads\/download\/t002.gpx\" style=\"border-style:none;border-width:0px;border-radius:15px\" target=\"_blank\" rel=\"noreferrer noopener\">Strecke als .pgx-Datei zum Downloaden<\/a><\/div>\n<\/div>\n<\/div>\n<\/div>\n\n\n\n<details class=\"wp-block-details has-accent-5-background-color has-background is-layout-flow wp-container-core-details-is-layout-e3d1c41b wp-block-details-is-layout-flow\"><summary>Streckenbeschreibung und weitere Infos<\/summary>\n<p>Die Strecke f\u00fchrt zu einem gro\u00dfen Teil durch Belgien. Dabei haben wir kleine Stra\u00dfen bevorzugt, um dem hohen Verkehrsaufkommen an Sonn- und Feiertagen etwas zu entgehen. Folglich sind die Stra\u00dfen oft recht schmal und gelegentlich durch die Landwirtschaft verschmutzt. Bitte ber\u00fccksichtigt das, auch wenn auf diesen Stra\u00dfen h\u00e4ufig keine herabgesetzte H\u00f6chstgeschwindigkeit gilt. Landschaftlich ist die Strecke daf\u00fcr sehr abwechslungsreich und l\u00e4sst an vielen Stellen einen sch\u00f6nen Blick auf Ost-Belgien zu.<br><br>Das Tanken in Belgien ist zurzeit recht preiswert (Mai 2024).<br>Unsere Infoseite zu Belgien findet ihr <a href=\"https:\/\/mt-eifel.de\/de_de\/service\/regeln-fuer-biker-belgien\/\">hier<\/a>.<\/p>\n<\/details>\n\n\n\n<div style=\"height:30px\" aria-hidden=\"true\" class=\"wp-block-spacer\"><\/div>\n\n\n\n<hr class=\"wp-block-separator has-text-color has-accent-5-color has-alpha-channel-opacity has-accent-5-background-color has-background\"\/>\n<\/div>\n\n\n\n<div class=\"wp-block-group has-global-padding is-layout-constrained wp-block-group-is-layout-constrained\">\n<div style=\"height:15px\" aria-hidden=\"true\" class=\"wp-block-spacer\"><\/div>\n\n\n\n<h3 class=\"wp-block-heading\">D\u00fcren &#8211; Simmerath &#8211; Malmedy &#8211; Manhay &#8211; La Roche-en-Ardenne &#8211; Dinant &#8211; Ouffet &#8211; Sprimont &#8211; Theux &#8211; Eupen &#8211; Roetgen &#8211; Mausbach &#8211; Langerwehe &#8211; D\u00fcren<\/h3>\n\n\n\n<div style=\"height:35px\" aria-hidden=\"true\" class=\"wp-block-spacer\"><\/div>\n\n\n\n<div class=\"wp-block-columns is-layout-flex wp-container-core-columns-is-layout-28f84493 wp-block-columns-is-layout-flex\">\n<div class=\"wp-block-column is-layout-flow wp-block-column-is-layout-flow\" style=\"flex-basis:33.33%\">\n<figure class=\"wp-block-image aligncenter size-full has-custom-border is-style-rounded is-style-rounded--2\"><a href=\"https:\/\/mt-eifel.de\/wp-content\/uploads\/2024\/05\/t001.webp\" target=\"_blank\" rel=\"noreferrer noopener\"><img loading=\"lazy\" decoding=\"async\" width=\"259\" height=\"200\" src=\"https:\/\/mt-eifel.de\/wp-content\/uploads\/2024\/05\/t001-200.jpg\" alt=\"\" class=\"wp-image-1735\" style=\"border-width:2px;border-radius:20px\" srcset=\"https:\/\/mt-eifel.de\/wp-content\/uploads\/2024\/05\/t001-200.jpg 259w, https:\/\/mt-eifel.de\/wp-content\/uploads\/2024\/05\/t001-200-16x12.jpg 16w\" sizes=\"auto, (max-width: 259px) 100vw, 259px\" \/><\/a><\/figure>\n<\/div>\n\n\n\n<div class=\"wp-block-column is-layout-flow wp-block-column-is-layout-flow\" style=\"flex-basis:66.66%\">\n<p class=\"has-large-font-size\"><strong>Streckendaten:<\/strong><\/p>\n\n\n\n<ul class=\"wp-block-list\">\n<li>L\u00e4nge ca. 360 km<\/li>\n\n\n\n<li>Fahrzeit ca. 6:30 Stunden<\/li>\n\n\n\n<li>Kurvenindex laut Calimoto: 47\/100<\/li>\n\n\n\n<li>L\u00e4nder: Deutschland, Belgien<\/li>\n<\/ul>\n\n\n\n<div class=\"wp-block-buttons is-layout-flex wp-block-buttons-is-layout-flex\">\n<div class=\"wp-block-button is-style-fill\"><a class=\"wp-block-button__link has-contrast-color has-accent-5-background-color has-text-color has-background has-link-color has-medium-font-size has-custom-font-size wp-element-button\" href=\"https:\/\/mt-eifel.de\/wp-content\/uploads\/download\/t001.gpx\" style=\"border-style:none;border-width:0px;border-radius:15px\" target=\"_blank\" rel=\"noreferrer noopener\">Strecke als .pgx-Datei zum Downloaden<\/a><\/div>\n<\/div>\n<\/div>\n<\/div>\n\n\n\n<details class=\"wp-block-details has-accent-5-background-color has-background is-layout-flow wp-container-core-details-is-layout-e3d1c41b wp-block-details-is-layout-flow\"><summary>Streckenbeschreibung und weitere Infos<\/summary>\n<p>Dinant, eine charmante Stadt in der Wallonischen Region Belgiens, hat einige gro\u00dfartige Sehensw\u00fcrdigkeiten zu bieten. Hier sind einige der Top-Attraktionen in Dinant:<\/p>\n\n\n\n<ul class=\"wp-block-list\">\n<li><strong>Citadelle de Dinant<\/strong>: Diese Zitadelle ist ein historisches Wahrzeichen und bietet einen atemberaubenden Blick auf die Stadt.&nbsp;<a href=\"https:\/\/www.tripadvisor.de\/Attractions-g188662-Activities-Dinant_The_Ardennes_Wallonia.html\" target=\"_blank\" rel=\"noreferrer noopener\">Sie k\u00f6nnen entweder die 408 Stufen erklimmen oder die Seilbahn nehmen<\/a><a href=\"https:\/\/www.tripadvisor.de\/Attractions-g188662-Activities-Dinant_The_Ardennes_Wallonia.html\" target=\"_blank\" rel=\"noreferrer noopener\"><sup>1<\/sup><\/a>.<\/li>\n\n\n\n<li><strong>Pont Charles de Gaulle<\/strong>: Die Charles-de-Gaulle-Br\u00fccke ist ein weiteres bekanntes Wahrzeichen in Dinant. Sie verbindet die beiden Ufer der Maas und bietet einen malerischen Blick auf die Stadt.<\/li>\n\n\n\n<li><strong>Notre Dame de Dinant<\/strong>: Diese Kirche ist ein Wahrzeichen der Stadt und beeindruckt mit ihrer gotischen Architektur.<\/li>\n\n\n\n<li><strong>Einst\u00fcndige Panorama-Bootsfahrt auf der Maas<\/strong>: Genie\u00dfen Sie eine entspannte Bootsfahrt auf dem Fluss und bewundern Sie die Landschaft rund um Dinant.<\/li>\n\n\n\n<li><strong>Der Bayardfelsen<\/strong>: Dieser Felsen ist ein beliebter Aussichtspunkt und bietet einen gro\u00dfartigen Blick auf die Umgebung.<\/li>\n\n\n\n<li><strong>Maison Leffe<\/strong>: In diesem Museum im alten Kloster erfahren Sie alles \u00fcber das ber\u00fchmte Leffe-Bier.<\/li>\n<\/ul>\n\n\n\n<p><br><br>Das Tanken in Belgien ist zurzeit recht preiswert (Mai 2024).<br>Unsere Infoseite zu Belgien findet ihr <a href=\"https:\/\/mt-eifel.de\/de_de\/service\/regeln-fuer-biker-belgien\/\">hier<\/a>.<\/p>\n<\/details>\n\n\n\n<div style=\"height:30px\" aria-hidden=\"true\" class=\"wp-block-spacer\"><\/div>\n\n\n\n<hr class=\"wp-block-separator has-text-color has-accent-5-color has-alpha-channel-opacity has-accent-5-background-color has-background\"\/>\n<\/div>\n","protected":false},"excerpt":{"rendered":"<p>Touren Ihr findet hier Touren, die wir als Gruppe schon gefahren sind und Touren, die wir als Vorschlag f\u00fcr spontane Fahrten vorbereitet haben. Naturgem\u00e4\u00df f\u00fchren die meisten durch die Eifel und angrenzende Landschaften, wie Ardennen, Luxemburg, Belgien oder Westerwald. Alle Touren lassen sich als gpx-Datei herunterladen. Viele Apps und Navis haben eine Importfunktion f\u00fcr dieses [&hellip;]<\/p>\n","protected":false},"author":3,"featured_media":496,"parent":0,"menu_order":0,"comment_status":"closed","ping_status":"closed","template":"seite-ohne-titel-breit","meta":{"_uag_custom_page_level_css":"","footnotes":""},"class_list":["post-387","page","type-page","status-publish","has-post-thumbnail","hentry"],"uagb_featured_image_src":{"full":["https:\/\/mt-eifel.de\/wp-content\/uploads\/2022\/09\/Touren-2.jpg",1130,365,false],"thumbnail":["https:\/\/mt-eifel.de\/wp-content\/uploads\/2022\/09\/Touren-2-150x150.jpg",150,150,true],"medium":["https:\/\/mt-eifel.de\/wp-content\/uploads\/2022\/09\/Touren-2-300x97.jpg",300,97,true],"medium_large":["https:\/\/mt-eifel.de\/wp-content\/uploads\/2022\/09\/Touren-2-768x248.jpg",768,248,true],"large":["https:\/\/mt-eifel.de\/wp-content\/uploads\/2022\/09\/Touren-2-1024x331.jpg",1024,331,true],"1536x1536":["https:\/\/mt-eifel.de\/wp-content\/uploads\/2022\/09\/Touren-2.jpg",1130,365,false],"2048x2048":["https:\/\/mt-eifel.de\/wp-content\/uploads\/2022\/09\/Touren-2.jpg",1130,365,false],"trp-custom-language-flag":["https:\/\/mt-eifel.de\/wp-content\/uploads\/2022\/09\/Touren-2.jpg",18,6,false]},"uagb_author_info":{"display_name":"Der Wolf","author_link":"https:\/\/mt-eifel.de\/de_de\/author\/wolf\/"},"uagb_comment_info":0,"uagb_excerpt":"Touren Ihr findet hier Touren, die wir als Gruppe schon gefahren sind und Touren, die wir als Vorschlag f\u00fcr spontane Fahrten vorbereitet haben. Naturgem\u00e4\u00df f\u00fchren die meisten durch die Eifel und angrenzende Landschaften, wie Ardennen, Luxemburg, Belgien oder Westerwald. Alle Touren lassen sich als gpx-Datei herunterladen. Viele Apps und Navis haben eine Importfunktion f\u00fcr dieses&hellip;","_links":{"self":[{"href":"https:\/\/mt-eifel.de\/de_de\/wp-json\/wp\/v2\/pages\/387","targetHints":{"allow":["GET"]}}],"collection":[{"href":"https:\/\/mt-eifel.de\/de_de\/wp-json\/wp\/v2\/pages"}],"about":[{"href":"https:\/\/mt-eifel.de\/de_de\/wp-json\/wp\/v2\/types\/page"}],"author":[{"embeddable":true,"href":"https:\/\/mt-eifel.de\/de_de\/wp-json\/wp\/v2\/users\/3"}],"replies":[{"embeddable":true,"href":"https:\/\/mt-eifel.de\/de_de\/wp-json\/wp\/v2\/comments?post=387"}],"version-history":[{"count":89,"href":"https:\/\/mt-eifel.de\/de_de\/wp-json\/wp\/v2\/pages\/387\/revisions"}],"predecessor-version":[{"id":1987,"href":"https:\/\/mt-eifel.de\/de_de\/wp-json\/wp\/v2\/pages\/387\/revisions\/1987"}],"wp:featuredmedia":[{"embeddable":true,"href":"https:\/\/mt-eifel.de\/de_de\/wp-json\/wp\/v2\/media\/496"}],"wp:attachment":[{"href":"https:\/\/mt-eifel.de\/de_de\/wp-json\/wp\/v2\/media?parent=387"}],"curies":[{"name":"wp","href":"https:\/\/api.w.org\/{rel}","templated":true}]}}