{"id":1968,"date":"2025-06-07T13:56:02","date_gmt":"2025-06-07T11:56:02","guid":{"rendered":"https:\/\/mt-eifel.de\/?page_id=1968"},"modified":"2025-06-07T14:33:07","modified_gmt":"2025-06-07T12:33:07","slug":"gefahrene-touren","status":"publish","type":"page","link":"https:\/\/mt-eifel.de\/de_de\/touren\/gefahrene-touren\/","title":{"rendered":"Touren &#8211; Gefahren"},"content":{"rendered":"\n<div style=\"height:35px\" aria-hidden=\"true\" class=\"wp-block-spacer\"><\/div>\n\n\n\n<h1 class=\"wp-block-heading\">Touren, die wir schon gefahren sind.<\/h1>\n\n\n\n<p style=\"font-size:clamp(0.875rem, 0.875rem + ((1vw - 0.2rem) * 0.625), 1.25rem);\">Ihr findet hier einige Touren, die wir als Gruppe schon gefahren sind. Daher findet man hier auch Bilder und Videos die bei den Touren entstanden sind. Wir hoffen es macht Lust darauf die Touren einmal nachzufahren oder noch einmal zu fahren.<br>Gerne stellen wir die Touren f\u00fcr alle Bikern zu verf\u00fcgung.<\/p>\n\n\n\n<div class=\"wp-block-group is-nowrap is-layout-flex wp-container-core-group-is-layout-6c531013 wp-block-group-is-layout-flex\">\n<figure class=\"wp-block-image size-full is-resized\"><img loading=\"lazy\" decoding=\"async\" width=\"150\" height=\"150\" src=\"https:\/\/mt-eifel.de\/wp-content\/uploads\/2025\/06\/achtung.webp\" alt=\"\" class=\"wp-image-1951\" style=\"width:137px;height:auto\" srcset=\"https:\/\/mt-eifel.de\/wp-content\/uploads\/2025\/06\/achtung.webp 150w, https:\/\/mt-eifel.de\/wp-content\/uploads\/2025\/06\/achtung-12x12.webp 12w\" sizes=\"auto, (max-width: 150px) 100vw, 150px\" \/><\/figure>\n\n\n\n<p style=\"font-size:clamp(0.875rem, 0.875rem + ((1vw - 0.2rem) * 0.292), 1.05rem);\">Naturgem\u00e4\u00df f\u00fchren die meisten Touren durch die Eifel und angrenzende Landschaften, wie Ardennen, Luxemburg, Belgien oder Westerwald. Alle Touren lassen sich als gpx-Datei herunterladen. Viele Apps und Navis haben eine Importfunktion f\u00fcr dieses Format. Die Touren werden aber meistens etwas verf\u00e4lscht, besonders Google-Maps macht da gro\u00dfe Probleme. <br>Die Originaltour findet ihr, wenn ihr dem Link zu Calimoto folgt. Der Aufruf ist kostenlos, auch f\u00fcr Leute, die kein Calimoto haben. Mit Calimoto planen wir unsere Touren, ihr seht also die originale Tour.<\/p>\n<\/div>\n\n\n\n<p style=\"font-size:clamp(0.875rem, 0.875rem + ((1vw - 0.2rem) * 0.625), 1.25rem);\">Wer sich unserer Gruppe anschlie\u00dfen will, kann uns gerne anschreiben.<\/p>\n\n\n\n<div class=\"wp-block-group has-global-padding is-layout-constrained wp-block-group-is-layout-constrained\">\n<div class=\"wp-block-buttons is-content-justification-center is-layout-flex wp-container-core-buttons-is-layout-a89b3969 wp-block-buttons-is-layout-flex\">\n<div class=\"wp-block-button\"><a class=\"wp-block-button__link has-contrast-color has-accent-5-background-color has-text-color has-background has-link-color has-custom-font-size wp-element-button\" href=\"https:\/\/mt-eifel.de\/touren\/touren-vorschlaege-2\/\" style=\"border-radius:25px;padding-top:var(--wp--preset--spacing--10);padding-right:var(--wp--preset--spacing--10);padding-bottom:var(--wp--preset--spacing--10);padding-left:var(--wp--preset--spacing--10);font-size:clamp(0.875rem, 0.875rem + ((1vw - 0.2rem) * 0.375), 1.1rem);\">Tourenvorschl\u00e4gen<\/a><\/div>\n\n\n\n<div class=\"wp-block-button\"><a class=\"wp-block-button__link has-contrast-color has-accent-5-background-color has-text-color has-background has-link-color has-custom-font-size wp-element-button\" href=\"https:\/\/mt-eifel.de\/touren\/gefahrene-touren\/\" style=\"border-radius:25px;padding-top:var(--wp--preset--spacing--10);padding-right:var(--wp--preset--spacing--10);padding-bottom:var(--wp--preset--spacing--10);padding-left:var(--wp--preset--spacing--10);font-size:clamp(0.875rem, 0.875rem + ((1vw - 0.2rem) * 0.375), 1.1rem);\">Gefahrene Touren<\/a><\/div>\n\n\n\n<div class=\"wp-block-button\"><a class=\"wp-block-button__link has-contrast-color has-accent-5-background-color has-text-color has-background has-link-color has-custom-font-size wp-element-button\" href=\"https:\/\/mt-eifel.de\/touren\/touren-feierabend-2\/\" style=\"border-style:none;border-width:0px;border-radius:25px;padding-top:var(--wp--preset--spacing--10);padding-right:var(--wp--preset--spacing--20);padding-bottom:var(--wp--preset--spacing--10);padding-left:var(--wp--preset--spacing--20);font-size:clamp(0.875em, 0.875rem + ((1vw - 0.2em) * 0.542), 1.2em);\">Feierabendtouren<\/a><\/div>\n\n\n\n<div class=\"wp-block-button\"><a class=\"wp-block-button__link has-contrast-color has-accent-5-background-color has-text-color has-background has-link-color has-custom-font-size wp-element-button\" href=\"https:\/\/mt-eifel.de\/touren\/\" style=\"border-radius:25px;padding-top:var(--wp--preset--spacing--10);padding-right:var(--wp--preset--spacing--10);padding-bottom:var(--wp--preset--spacing--10);padding-left:var(--wp--preset--spacing--10);font-size:clamp(0.875rem, 0.875rem + ((1vw - 0.2rem) * 0.375), 1.1rem);\">zur \u00dcbersicht<\/a><\/div>\n<\/div>\n\n\n\n<hr class=\"wp-block-separator has-text-color has-contrast-2-color has-alpha-channel-opacity has-contrast-2-background-color has-background is-style-default\" style=\"margin-top:var(--wp--preset--spacing--40);margin-bottom:var(--wp--preset--spacing--40)\"\/>\n<\/div>\n\n\n\n<h2 class=\"wp-block-heading\">Gruppentouren mit Berichten, Bildern und Videos. <\/h2>\n\n\n\n<div style=\"height:10px\" aria-hidden=\"true\" class=\"wp-block-spacer\"><\/div>\n\n\n\n<figure class=\"wp-block-image aligncenter size-full\"><img loading=\"lazy\" decoding=\"async\" width=\"600\" height=\"206\" src=\"https:\/\/mt-eifel.de\/wp-content\/uploads\/2024\/03\/baustelle.webp\" alt=\"\" class=\"wp-image-1540\" srcset=\"https:\/\/mt-eifel.de\/wp-content\/uploads\/2024\/03\/baustelle.webp 600w, https:\/\/mt-eifel.de\/wp-content\/uploads\/2024\/03\/baustelle-300x103.webp 300w, https:\/\/mt-eifel.de\/wp-content\/uploads\/2024\/03\/baustelle-18x6.webp 18w\" sizes=\"auto, (max-width: 600px) 100vw, 600px\" \/><\/figure>\n","protected":false},"excerpt":{"rendered":"<p>Touren, die wir schon gefahren sind. Ihr findet hier einige Touren, die wir als Gruppe schon gefahren sind. Daher findet man hier auch Bilder und Videos die bei den Touren entstanden sind. Wir hoffen es macht Lust darauf die Touren einmal nachzufahren oder noch einmal zu fahren.Gerne stellen wir die Touren f\u00fcr alle Bikern zu [&hellip;]<\/p>\n","protected":false},"author":3,"featured_media":1958,"parent":387,"menu_order":0,"comment_status":"closed","ping_status":"closed","template":"seite-ohne-titel-breit","meta":{"_uag_custom_page_level_css":"","footnotes":""},"class_list":["post-1968","page","type-page","status-publish","has-post-thumbnail","hentry"],"uagb_featured_image_src":{"full":["https:\/\/mt-eifel.de\/wp-content\/uploads\/2025\/06\/Touren-gefahren.webp",1024,331,false],"thumbnail":["https:\/\/mt-eifel.de\/wp-content\/uploads\/2025\/06\/Touren-gefahren-150x150.webp",150,150,true],"medium":["https:\/\/mt-eifel.de\/wp-content\/uploads\/2025\/06\/Touren-gefahren-300x97.webp",300,97,true],"medium_large":["https:\/\/mt-eifel.de\/wp-content\/uploads\/2025\/06\/Touren-gefahren-768x248.webp",768,248,true],"large":["https:\/\/mt-eifel.de\/wp-content\/uploads\/2025\/06\/Touren-gefahren.webp",1024,331,false],"1536x1536":["https:\/\/mt-eifel.de\/wp-content\/uploads\/2025\/06\/Touren-gefahren.webp",1024,331,false],"2048x2048":["https:\/\/mt-eifel.de\/wp-content\/uploads\/2025\/06\/Touren-gefahren.webp",1024,331,false],"trp-custom-language-flag":["https:\/\/mt-eifel.de\/wp-content\/uploads\/2025\/06\/Touren-gefahren-18x6.webp",18,6,true]},"uagb_author_info":{"display_name":"Der Wolf","author_link":"https:\/\/mt-eifel.de\/de_de\/author\/wolf\/"},"uagb_comment_info":0,"uagb_excerpt":"Touren, die wir schon gefahren sind. Ihr findet hier einige Touren, die wir als Gruppe schon gefahren sind. Daher findet man hier auch Bilder und Videos die bei den Touren entstanden sind. Wir hoffen es macht Lust darauf die Touren einmal nachzufahren oder noch einmal zu fahren.Gerne stellen wir die Touren f\u00fcr alle Bikern zu&hellip;","_links":{"self":[{"href":"https:\/\/mt-eifel.de\/de_de\/wp-json\/wp\/v2\/pages\/1968","targetHints":{"allow":["GET"]}}],"collection":[{"href":"https:\/\/mt-eifel.de\/de_de\/wp-json\/wp\/v2\/pages"}],"about":[{"href":"https:\/\/mt-eifel.de\/de_de\/wp-json\/wp\/v2\/types\/page"}],"author":[{"embeddable":true,"href":"https:\/\/mt-eifel.de\/de_de\/wp-json\/wp\/v2\/users\/3"}],"replies":[{"embeddable":true,"href":"https:\/\/mt-eifel.de\/de_de\/wp-json\/wp\/v2\/comments?post=1968"}],"version-history":[{"count":4,"href":"https:\/\/mt-eifel.de\/de_de\/wp-json\/wp\/v2\/pages\/1968\/revisions"}],"predecessor-version":[{"id":1992,"href":"https:\/\/mt-eifel.de\/de_de\/wp-json\/wp\/v2\/pages\/1968\/revisions\/1992"}],"up":[{"embeddable":true,"href":"https:\/\/mt-eifel.de\/de_de\/wp-json\/wp\/v2\/pages\/387"}],"wp:featuredmedia":[{"embeddable":true,"href":"https:\/\/mt-eifel.de\/de_de\/wp-json\/wp\/v2\/media\/1958"}],"wp:attachment":[{"href":"https:\/\/mt-eifel.de\/de_de\/wp-json\/wp\/v2\/media?parent=1968"}],"curies":[{"name":"wp","href":"https:\/\/api.w.org\/{rel}","templated":true}]}}