{"id":1269,"date":"2024-03-14T12:17:31","date_gmt":"2024-03-14T11:17:31","guid":{"rendered":"https:\/\/mt-eifel.de\/?p=1269"},"modified":"2024-03-28T09:16:37","modified_gmt":"2024-03-28T08:16:37","slug":"netiquette","status":"publish","type":"page","link":"https:\/\/mt-eifel.de\/de_de\/netiquette\/","title":{"rendered":"Netiquette"},"content":{"rendered":"\n<h2 class=\"wp-block-heading\">Netiquette im WhatsApp-Chat.<\/h2>\n\n\n\n<h3 class=\"wp-block-heading\">Zehn goldene Regeln f\u00fcr unsere WhatsApp-Gruppen<\/h3>\n\n\n\n<ol class=\"wp-block-list\">\n<li><strong>Ansprache:<\/strong> Wir sind in der Gruppe alle per Du und gendern nicht. Ein freundliches \u201cHallo\u201d oder \u201cGuten Tag\u201d zeigt H\u00f6flichkeit und wird gerne gesehen.<\/li>\n\n\n\n<li><strong>Vorstellung<\/strong>: Wer neu in die Gruppe kommt, den bitten wir um eine kurze Vorstellung, die folgendes enthalten sollte: Vornahme und Plz\/Wohnort (bitte keine Adresse), sch\u00f6n w\u00e4re es, wenn man noch sein Motorrad angibt und welcher Typ Fahrer man ist. Alles andere ist eine nette Zugabe bei der Vorstellung, aber kein muss.<\/li>\n\n\n\n<li><strong>Ganze S\u00e4tze<\/strong>: Schreiben in ganzen S\u00e4tzen. Das erleichtert das Verst\u00e4ndnis. Achte auf die Ausdrucksweise. Dr\u00fccke Euch so aus, dass jeder verstehen kann, was gemeint ist, um Missverst\u00e4ndnisse zu vermeiden. &nbsp;<\/li>\n\n\n\n<li><strong>Missverst\u00e4ndnisse \/ Konflikte<\/strong>: Solche Angelegenheiten erfordern den pers\u00f6nlichen Kontakt. Bedenke, Missverst\u00e4ndnisse k\u00f6nnen leicht entstehen, wenn Mimik, Gestik und Stimme fehlen. Du kannst auch einen Admin um Hilfe bitten.<\/li>\n\n\n\n<li><strong>Wertsch\u00e4tzung<\/strong>: Zeige Wertsch\u00e4tzung den anderen gegen\u00fcber, indem Du respektvoll und h\u00f6flich bleibst.<\/li>\n\n\n\n<li><strong>Vertraulichkeit<\/strong>: Achte darauf, keine vertraulichen Informationen \u00fcber WhatsApp zu teilen. Die Plattform ist nicht immer sicher. <em>Mobbing, Drohungen, Bel\u00e4stigungen bitte sofort einem Admin melden!<\/em><\/li>\n\n\n\n<li><strong>Spammen<\/strong>: Vermeide Spamming, auch wenn die Admins das in der Quasselgruppe gelassen sehen. In der <a href=\"http:\/\/MTE-Orge\">MTE-Orga Gruppe<\/a> sehen die Admins das sehr streng, damit wichtige Mitteilungen sichtbar bleiben und schnell gefunden werden.<\/li>\n\n\n\n<li><strong>Keine Beleidigungen und L\u00e4stereien:<\/strong>&nbsp;Wie im echten Leben gilt auch im Gruppenchat, dass niemand beleidigt werden sollte! Auch L\u00e4stereien \u00fcber Leute, die nicht im Chat sind, sollten tabu sein!<\/li>\n\n\n\n<li><strong>Vermeide Doppeldeutigkeiten:<\/strong>&nbsp;Dr\u00fccke Dich so aus, dass jeder verstehen kann, was gemeint ist, um Missverst\u00e4ndnisse zu vermeiden. &nbsp;<\/li>\n\n\n\n<li><strong>Recht am eigenen Bild beachten<\/strong>: Verschicke keine Bilder ohne die Einwilligung der abgebildeten Personen und nur Bilder, deren Rechteinhaber Du bist, da Du sonst das&nbsp;<a href=\"https:\/\/www.handysektor.de\/artikel\/persoenlichkeitsrechte-und-das-recht-am-eigenen-bild\">Recht am eigenen Bild<\/a>&nbsp;verletzt.<\/li>\n<\/ol>\n\n\n\n<hr class=\"wp-block-separator has-alpha-channel-opacity is-style-wide\"\/>\n\n\n\n<h3 class=\"wp-block-heading\">Sonderfall: MTE Orga &#8211; Gruppe<\/h3>\n\n\n\n<p><strong>Die MTE Orga &#8211; Gruppe ist zum Austausch wichtige Informationen. Schreibe daher nur aus wichtigen Gr\u00fcnden und versende keine unn\u00f6tigen Inhalte. Um Streit zu vermeiden, gibt es strenge Regeln.<\/strong><\/p>\n\n\n\n<ul class=\"wp-block-list\">\n<li>Absprache zu Touren, auch Feierabendtouren f\u00fcr jedermann, private Touren bitte auch privat organisieren.<\/li>\n\n\n\n<li>Wichtige Mitteilungen zur Gruppe, von den Admins.<\/li>\n\n\n\n<li>Organisation von Gruppentreffen, Touren, Fr\u00fchst\u00fcck, Grillen usw., Abstimmungen und Anmeldungen.<\/li>\n\n\n\n<li>Begr\u00fc\u00dfung von neuen Mitgliedern durch die Admins. Alle anderen begr\u00fc\u00dfen neue Mitglieder bitte in der Quasselgruppe, das Gleiche gilt f\u00fcr alle anderen Gr\u00fc\u00dfe, wie Geburtstage..<\/li>\n\n\n\n<li><strong><em>Unn\u00f6tige Inhalte nerven und werden von Admins kommentarlos gel\u00f6scht!<\/em><\/strong><\/li>\n\n\n\n<li>Zum Neujahr werden inaktive Mitglieder (keine Gruppenbeitr\u00e4ge, keine Teilnahme an einem Treffen)ohne Vorwarnung aus der Gruppe entfernt. Das betrifft nicht die Quasselgruppe und hindert auch nicht an einer Wiederaufnahme, nach R\u00fccksprache mit einem Admin.<\/li>\n<\/ul>\n\n\n\n<div style=\"height:39px\" aria-hidden=\"true\" class=\"wp-block-spacer\"><\/div>\n\n\n\n<p><strong>Vielen Dank Freunde, f\u00fcr die Beachtung der Regeln!<\/strong><\/p>\n","protected":false},"excerpt":{"rendered":"<p>Netiquette im WhatsApp-Chat. Zehn goldene Regeln f\u00fcr unsere WhatsApp-Gruppen Sonderfall: MTE Orga &#8211; Gruppe Die MTE Orga &#8211; Gruppe ist zum Austausch wichtige Informationen. Schreibe daher nur aus wichtigen Gr\u00fcnden und versende keine unn\u00f6tigen Inhalte. Um Streit zu vermeiden, gibt es strenge Regeln. Vielen Dank Freunde, f\u00fcr die Beachtung der Regeln!<\/p>\n","protected":false},"author":3,"featured_media":1412,"parent":0,"menu_order":0,"comment_status":"closed","ping_status":"open","template":"","meta":{"_uag_custom_page_level_css":"","footnotes":""},"class_list":["post-1269","page","type-page","status-publish","has-post-thumbnail","hentry"],"uagb_featured_image_src":{"full":["https:\/\/mt-eifel.de\/wp-content\/uploads\/2024\/03\/about-us.webp",1024,214,false],"thumbnail":["https:\/\/mt-eifel.de\/wp-content\/uploads\/2024\/03\/about-us-150x150.webp",150,150,true],"medium":["https:\/\/mt-eifel.de\/wp-content\/uploads\/2024\/03\/about-us-300x63.webp",300,63,true],"medium_large":["https:\/\/mt-eifel.de\/wp-content\/uploads\/2024\/03\/about-us-768x161.webp",768,161,true],"large":["https:\/\/mt-eifel.de\/wp-content\/uploads\/2024\/03\/about-us.webp",1024,214,false],"1536x1536":["https:\/\/mt-eifel.de\/wp-content\/uploads\/2024\/03\/about-us.webp",1024,214,false],"2048x2048":["https:\/\/mt-eifel.de\/wp-content\/uploads\/2024\/03\/about-us.webp",1024,214,false],"trp-custom-language-flag":["https:\/\/mt-eifel.de\/wp-content\/uploads\/2024\/03\/about-us-18x4.webp",18,4,true]},"uagb_author_info":{"display_name":"Der Wolf","author_link":"https:\/\/mt-eifel.de\/de_de\/author\/wolf\/"},"uagb_comment_info":0,"uagb_excerpt":"Netiquette im WhatsApp-Chat. Zehn goldene Regeln f\u00fcr unsere WhatsApp-Gruppen Sonderfall: MTE Orga &#8211; Gruppe Die MTE Orga &#8211; Gruppe ist zum Austausch wichtige Informationen. Schreibe daher nur aus wichtigen Gr\u00fcnden und versende keine unn\u00f6tigen Inhalte. Um Streit zu vermeiden, gibt es strenge Regeln. Vielen Dank Freunde, f\u00fcr die Beachtung der Regeln!","_links":{"self":[{"href":"https:\/\/mt-eifel.de\/de_de\/wp-json\/wp\/v2\/pages\/1269","targetHints":{"allow":["GET"]}}],"collection":[{"href":"https:\/\/mt-eifel.de\/de_de\/wp-json\/wp\/v2\/pages"}],"about":[{"href":"https:\/\/mt-eifel.de\/de_de\/wp-json\/wp\/v2\/types\/page"}],"author":[{"embeddable":true,"href":"https:\/\/mt-eifel.de\/de_de\/wp-json\/wp\/v2\/users\/3"}],"replies":[{"embeddable":true,"href":"https:\/\/mt-eifel.de\/de_de\/wp-json\/wp\/v2\/comments?post=1269"}],"version-history":[{"count":6,"href":"https:\/\/mt-eifel.de\/de_de\/wp-json\/wp\/v2\/pages\/1269\/revisions"}],"predecessor-version":[{"id":1416,"href":"https:\/\/mt-eifel.de\/de_de\/wp-json\/wp\/v2\/pages\/1269\/revisions\/1416"}],"wp:featuredmedia":[{"embeddable":true,"href":"https:\/\/mt-eifel.de\/de_de\/wp-json\/wp\/v2\/media\/1412"}],"wp:attachment":[{"href":"https:\/\/mt-eifel.de\/de_de\/wp-json\/wp\/v2\/media?parent=1269"}],"curies":[{"name":"wp","href":"https:\/\/api.w.org\/{rel}","templated":true}]}}