{"id":1071,"date":"2024-02-14T23:55:11","date_gmt":"2024-02-14T22:55:11","guid":{"rendered":"https:\/\/MTE.sky10.eu\/?page_id=1071"},"modified":"2025-11-22T11:01:47","modified_gmt":"2025-11-22T10:01:47","slug":"home","status":"publish","type":"page","link":"https:\/\/mt-eifel.de\/de_de\/","title":{"rendered":"Startseite"},"content":{"rendered":"\n<h2 class=\"wp-block-heading\">Hallo Motorradfreund!<\/h2>\n\n\n\n<h3 class=\"wp-block-heading has-highlight-color has-text-color\">Wir freuen uns \u00fcber deinen Besuch und hei\u00dfen dich herzlich willkommen.<\/h3>\n\n\n\n<p class=\"has-medium-font-size\">Wenn du genug von einsamen Fahrten hast, bist du in unserer Gruppe genau richtig. Alter, Geschlecht oder Art des Bikes spielen keine Rolle \u2013 Hauptsache, du genie\u00dft das Motorradfahren und den Gemeinschaftssinn.<\/p>\n\n\n\n<p class=\"has-background\" style=\"border-top-left-radius:0px;border-top-right-radius:40px;border-bottom-left-radius:40px;border-bottom-right-radius:40px;background-color:#e1d9cd\">Wir sind Tourer und meist in der Eifel und den Ardennen unterwegs. Unsere Fahrweise ist z\u00fcgig, aber es wird nicht gerast. Wir halten uns an die Verkehrsvorschriften, sind aber oft auf Nebenstrecken unterwegs, bei denen vor der Kurve noch kein Schild mit 50 km\/h steht. Wir gendern nicht, sind h\u00f6flich zueinander und offen f\u00fcr neue Mitglieder in unserer WhatsApp-Gruppe. Wer in die WhatsApp-Gruppe m\u00f6chte, um dort immer die neuesten Infos und Tourentermine zu erfahren schreibt uns bitte an. <a href=\"https:\/\/mt-eifel.de\/mitteilungen\/\" data-type=\"page\" data-id=\"2002\">Zur Mitteilungsseite<\/a><\/p>\n\n\n\n<p class=\"has-text-align-center has-large-font-size\">Kalender f\u00fcr 2025<\/p>\n\n\n\n<div style=\"height:20px\" aria-hidden=\"true\" class=\"wp-block-spacer\"><\/div>\n\n\n\n<div class=\"wp-block-cp-timeline-content-timeline-block Cool-Content-Timeline\"><div class=\"cool-timeline-block-7a5aed78-a3d9-4eb5-bb62-20a557fec7e3\"><style>.cool-timeline-block-7a5aed78-a3d9-4eb5-bb62-20a557fec7e3 .cool-vertical-timeline-body{--ctlb-content-alignment: left;--ctlb-icon-box-size: 30px;--ctlb-middle-line-size: 6px;}<\/style><div class=\"cool-vertical-timeline-body ctlb-wrapper both-sided left\"><div class=\"cool-timeline-block-list\">\n<div class=\"wp-block-cp-timeline-content-timeline-block-child swiper-slide\"><div class=\"timeline-content icon-false \"><div class=\"timeline-block-timeline ctl-row  position-left\"><div class=\"ctl-6 timeline-block-time\"><div class=\"story-time\"><p>10.12.2025<\/p><\/div><\/div><div class=\"timeline-block-icon\"><svg stroke=\"currentColor\" fill=\"currentColor\" stroke-width=\"0\" viewBox=\"0 0 512 512\" height=\"1em\" width=\"1em\" xmlns=\"http:\/\/www.w3.org\/2000\/svg\"><path d=\"M256 8C119 8 8 119 8 256s111 248 248 248 248-111 248-248S393 8 256 8z\"><\/path><\/svg><\/div><div class=\"ctl-6 timeline-block-detail\"><div class=\"story-details\"><div class=\"story-content\">\n<figure class=\"wp-block-image size-full ctlb-block-image\"><img loading=\"lazy\" decoding=\"async\" width=\"600\" height=\"600\" src=\"https:\/\/mt-eifel.de\/wp-content\/uploads\/2025\/01\/Stammtisch.webp\" alt=\"\" class=\"wp-image-1868\" style=\"aspect-ratio:4\/3;object-fit:cover\" srcset=\"https:\/\/mt-eifel.de\/wp-content\/uploads\/2025\/01\/Stammtisch.webp 600w, https:\/\/mt-eifel.de\/wp-content\/uploads\/2025\/01\/Stammtisch-300x300.webp 300w, https:\/\/mt-eifel.de\/wp-content\/uploads\/2025\/01\/Stammtisch-150x150.webp 150w, https:\/\/mt-eifel.de\/wp-content\/uploads\/2025\/01\/Stammtisch-12x12.webp 12w\" sizes=\"auto, (max-width: 600px) 100vw, 600px\" \/><\/figure>\n\n\n\n<h3 class=\"wp-block-heading ctlb-block-title\" style=\"padding-top:0px;padding-right:0px;padding-bottom:0px;padding-left:0px\">Biker-Stammtisch in D\u00fcren-Merken<\/h3>\n\n\n\n<p>Es ist wieder Stammtisch.<br>Wir treffen uns wieder ab 18:00 Uhr in D\u00fcren-Merken zum Essen und Quatschen. Das Lokal ist der Evvia Grill, Peterstra\u00dfe 54, 52353 D\u00fcren-Merken.<\/p>\n\n\n\n<p>Bitte meldet Euch in der WhatsApp-Gruppe oder hier an: <a href=\"https:\/\/mt-eifel.de\/mitteilungen\/\" data-type=\"page\" data-id=\"2002\">zur Anmeldung<\/a><\/p>\n\n\n\n<p class=\"has-background\" style=\"border-radius:30px;background:linear-gradient(85deg,#D8613C 0%,#F9F9F9 100%)\">Neue Gesichter sind immer willkommen, einfach anmelden.<\/p>\n<\/div><\/div><\/div><\/div><\/div><\/div>\n\n\n\n<div class=\"wp-block-cp-timeline-content-timeline-block-child swiper-slide\"><div class=\"timeline-content icon-false \"><div class=\"timeline-block-timeline ctl-row  position-right\"><div class=\"ctl-6 timeline-block-time\"><div class=\"story-time\"><p>11.01.2026<\/p><\/div><\/div><div class=\"timeline-block-icon\"><svg stroke=\"currentColor\" fill=\"currentColor\" stroke-width=\"0\" viewBox=\"0 0 512 512\" height=\"1em\" width=\"1em\" xmlns=\"http:\/\/www.w3.org\/2000\/svg\"><path d=\"M256 8C119 8 8 119 8 256s111 248 248 248 248-111 248-248S393 8 256 8z\"><\/path><\/svg><\/div><div class=\"ctl-6 timeline-block-detail\"><div class=\"story-details\"><div class=\"story-content\">\n<figure class=\"wp-block-image size-full ctlb-block-image\"><img loading=\"lazy\" decoding=\"async\" width=\"400\" height=\"400\" src=\"https:\/\/mt-eifel.de\/wp-content\/uploads\/2024\/01\/Bowling.jpg\" alt=\"\" class=\"wp-image-1020\" style=\"aspect-ratio:4\/3;object-fit:cover\" srcset=\"https:\/\/mt-eifel.de\/wp-content\/uploads\/2024\/01\/Bowling.jpg 400w, https:\/\/mt-eifel.de\/wp-content\/uploads\/2024\/01\/Bowling-300x300.jpg 300w, https:\/\/mt-eifel.de\/wp-content\/uploads\/2024\/01\/Bowling-150x150.jpg 150w\" sizes=\"auto, (max-width: 400px) 100vw, 400px\" \/><\/figure>\n\n\n\n<h3 class=\"wp-block-heading ctlb-block-title\" style=\"padding-top:0px;padding-right:0px;padding-bottom:0px;padding-left:0px\">Neujahrs Fr\u00fchst\u00fcck, mit Bowling &amp; Schrottwichteln<\/h3>\n\n\n\n<p class=\"ctlb-block-desc\" style=\"padding-top:0px;padding-right:0px;padding-bottom:0px;padding-left:0px\">Auch in diesem Jahr treffen wir uns wieder in der Bowl&#8217;n&#8217;Lounge zum Fr\u00fchst\u00fcck &amp; Bowlen und wer m\u00f6chte kann nat\u00fcrlich auch mit uns Schrottwichteln. <br>Mehr Infos zum Fr\u00fchst\u00fcck und Bowlen gibt es auf der Webseite der <a href=\"https:\/\/www.bowlnlounge.de\/restaurant\/#fruehstuecksbuffet\" target=\"_blank\" rel=\"noreferrer noopener nofollow\">Bowl&#8217;n&#8217;Lounge<\/a>, Rurbenden 38, 52382 Niederzier bei D\u00fcren, direkt an der A4.<br>Bitte meldet Euch in der WhatsApp-Gruppe oder hier an: <a href=\"https:\/\/mt-eifel.de\/mitteilungen\/\" data-type=\"page\" data-id=\"2002\">zur Anmeldung<\/a><br>Was ist Schrottwichteln bei uns? <a href=\"https:\/\/mt-eifel.de\/de_de\/uncategorized\/schrottwichteln\/\">mehr Infos<\/a><br><\/p>\n<\/div><\/div><\/div><\/div><\/div><\/div>\n<\/div><\/div><\/div><\/div>\n\n\n\n<div style=\"height:100px\" aria-hidden=\"true\" class=\"wp-block-spacer\"><\/div>\n","protected":false},"excerpt":{"rendered":"<p>Hallo Motorradfreund! Wir freuen uns \u00fcber deinen Besuch und hei\u00dfen dich herzlich willkommen. Wenn du genug von einsamen Fahrten hast, bist du in unserer Gruppe genau richtig. Alter, Geschlecht oder Art des Bikes spielen keine Rolle \u2013 Hauptsache, du genie\u00dft das Motorradfahren und den Gemeinschaftssinn. Wir sind Tourer und meist in der Eifel und den [&hellip;]<\/p>\n","protected":false},"author":3,"featured_media":1039,"parent":0,"menu_order":0,"comment_status":"closed","ping_status":"closed","template":"seite-ohne-titel-breit","meta":{"_uag_custom_page_level_css":"","footnotes":""},"class_list":["post-1071","page","type-page","status-publish","has-post-thumbnail","hentry"],"uagb_featured_image_src":{"full":["https:\/\/mt-eifel.de\/wp-content\/uploads\/2024\/01\/Titelbild-01-scaled-1.webp",2560,853,false],"thumbnail":["https:\/\/mt-eifel.de\/wp-content\/uploads\/2024\/01\/Titelbild-01-scaled-1-150x150.webp",150,150,true],"medium":["https:\/\/mt-eifel.de\/wp-content\/uploads\/2024\/01\/Titelbild-01-scaled-1-300x100.webp",300,100,true],"medium_large":["https:\/\/mt-eifel.de\/wp-content\/uploads\/2024\/01\/Titelbild-01-scaled-1-768x256.webp",768,256,true],"large":["https:\/\/mt-eifel.de\/wp-content\/uploads\/2024\/01\/Titelbild-01-scaled-1-1024x341.webp",1024,341,true],"1536x1536":["https:\/\/mt-eifel.de\/wp-content\/uploads\/2024\/01\/Titelbild-01-scaled-1-1536x512.webp",1536,512,true],"2048x2048":["https:\/\/mt-eifel.de\/wp-content\/uploads\/2024\/01\/Titelbild-01-scaled-1-2048x682.webp",2048,682,true],"trp-custom-language-flag":["https:\/\/mt-eifel.de\/wp-content\/uploads\/2024\/01\/Titelbild-01-scaled-1.webp",18,6,false]},"uagb_author_info":{"display_name":"Der Wolf","author_link":"https:\/\/mt-eifel.de\/de_de\/author\/wolf\/"},"uagb_comment_info":0,"uagb_excerpt":"Hallo Motorradfreund! Wir freuen uns \u00fcber deinen Besuch und hei\u00dfen dich herzlich willkommen. Wenn du genug von einsamen Fahrten hast, bist du in unserer Gruppe genau richtig. Alter, Geschlecht oder Art des Bikes spielen keine Rolle \u2013 Hauptsache, du genie\u00dft das Motorradfahren und den Gemeinschaftssinn. Wir sind Tourer und meist in der Eifel und den&hellip;","_links":{"self":[{"href":"https:\/\/mt-eifel.de\/de_de\/wp-json\/wp\/v2\/pages\/1071","targetHints":{"allow":["GET"]}}],"collection":[{"href":"https:\/\/mt-eifel.de\/de_de\/wp-json\/wp\/v2\/pages"}],"about":[{"href":"https:\/\/mt-eifel.de\/de_de\/wp-json\/wp\/v2\/types\/page"}],"author":[{"embeddable":true,"href":"https:\/\/mt-eifel.de\/de_de\/wp-json\/wp\/v2\/users\/3"}],"replies":[{"embeddable":true,"href":"https:\/\/mt-eifel.de\/de_de\/wp-json\/wp\/v2\/comments?post=1071"}],"version-history":[{"count":124,"href":"https:\/\/mt-eifel.de\/de_de\/wp-json\/wp\/v2\/pages\/1071\/revisions"}],"predecessor-version":[{"id":2099,"href":"https:\/\/mt-eifel.de\/de_de\/wp-json\/wp\/v2\/pages\/1071\/revisions\/2099"}],"wp:featuredmedia":[{"embeddable":true,"href":"https:\/\/mt-eifel.de\/de_de\/wp-json\/wp\/v2\/media\/1039"}],"wp:attachment":[{"href":"https:\/\/mt-eifel.de\/de_de\/wp-json\/wp\/v2\/media?parent=1071"}],"curies":[{"name":"wp","href":"https:\/\/api.w.org\/{rel}","templated":true}]}}