{"id":1056,"date":"2024-01-31T23:25:39","date_gmt":"2024-01-31T23:25:39","guid":{"rendered":"https:\/\/MTE.sky10.eu\/?page_id=1056"},"modified":"2024-03-29T16:25:39","modified_gmt":"2024-03-29T15:25:39","slug":"archiv","status":"publish","type":"page","link":"https:\/\/mt-eifel.de\/de_de\/ueber-uns\/archiv\/","title":{"rendered":"Service &#038; News Archiv"},"content":{"rendered":"\n<p class=\"has-large-font-size\">Meldungen &amp; News<\/p>\n\n\n\n<p><\/p>\n\n\n\n<figure class=\"wp-block-image aligncenter size-full\"><img loading=\"lazy\" decoding=\"async\" width=\"500\" height=\"3\" src=\"https:\/\/mt-eifel.de\/wp-content\/uploads\/2022\/10\/Trenner-rot-500x3-1.gif\" alt=\"\" class=\"wp-image-534\"\/><\/figure>\n\n\n\n<p class=\"has-large-font-size\">Die letzten 12 Beitr\u00e4ge auf unserer Webseite.<\/p>\n\n\n<ul style=\"line-height:2; padding-top:0;padding-bottom:0;\" class=\"wp-block-latest-posts__list wp-block-latest-posts has-background has-accent-5-background-color\"><li><a class=\"wp-block-latest-posts__post-title\" href=\"https:\/\/mt-eifel.de\/de_de\/uncategorized\/schrottwichteln\/\">Schrottwichteln<\/a><\/li>\n<li><a class=\"wp-block-latest-posts__post-title\" href=\"https:\/\/mt-eifel.de\/de_de\/alles\/regeln-fuer-biker-frankreich\/\">Regeln f\u00fcr Biker: Frankreich<\/a><\/li>\n<li><a class=\"wp-block-latest-posts__post-title\" href=\"https:\/\/mt-eifel.de\/de_de\/service\/touren-nah\/aachen-lichtenbusch-eupen-01\/\">Ost-Belgien ab Aachen #01<\/a><\/li>\n<li><a class=\"wp-block-latest-posts__post-title\" href=\"https:\/\/mt-eifel.de\/de_de\/uncategorized\/dueren-simmerath\/\">D\u00fcren &#8211; Simmerath<\/a><\/li>\n<li><a class=\"wp-block-latest-posts__post-title\" href=\"https:\/\/mt-eifel.de\/de_de\/alles\/regeln-fuer-biker-belgien\/\">Regeln f\u00fcr Biker: Belgien<\/a><\/li>\n<li><a class=\"wp-block-latest-posts__post-title\" href=\"https:\/\/mt-eifel.de\/de_de\/orgateam\/mte-orgateam\/\">Gesch\u00fctzt: MTE Orgateam<\/a><\/li>\n<li><a class=\"wp-block-latest-posts__post-title\" href=\"https:\/\/mt-eifel.de\/de_de\/home\/bikerfruehstueck-in-dueren\/\">Bikerfr\u00fchst\u00fcck mit Bowlen \/ D\u00fcren<\/a><\/li>\n<li><a class=\"wp-block-latest-posts__post-title\" href=\"https:\/\/mt-eifel.de\/de_de\/service\/recht\/ueberwachung-eurer-durchschnittsgeschwindigkeit-rechtlich-moeglich\/\">\u00dcberwachung Eurer Durchschnittsgeschwindigkeit rechtlich m\u00f6glich?<\/a><\/li>\n<li><a class=\"wp-block-latest-posts__post-title\" href=\"https:\/\/mt-eifel.de\/de_de\/service\/recht\/motorrad-vs-autofahrer-die-8-groessten-irrtuemer-bloch-erklaert\/\">Motorrad- vs. Autofahrer: Die 8 gr\u00f6\u00dften Irrt\u00fcmer &#8211; Bloch erkl\u00e4rt<\/a><\/li>\n<li><a class=\"wp-block-latest-posts__post-title\" href=\"https:\/\/mt-eifel.de\/de_de\/service\/recht\/tuev-abgelaufen-welche-strafen-drohen-ist-mein-auto-noch-versichert\/\">T\u00dcV abgelaufen: Welche Strafen drohen &#038; ist mein Auto noch versichert?<\/a><\/li>\n<li><a class=\"wp-block-latest-posts__post-title\" href=\"https:\/\/mt-eifel.de\/de_de\/service\/recht\/regenpause-unter-autobahnbruecke-fuer-motorradfahrer-legal\/\">Regenpause unter Autobahnbr\u00fccke: F\u00fcr Motorradfahrer legal? |<\/a><\/li>\n<li><a class=\"wp-block-latest-posts__post-title\" href=\"https:\/\/mt-eifel.de\/de_de\/service\/recht\/durchschlaengeln\/\">Durchschl\u00e4ngeln<\/a><\/li>\n<\/ul>\n\n\n<figure class=\"wp-block-image aligncenter size-full\"><img loading=\"lazy\" decoding=\"async\" width=\"500\" height=\"3\" src=\"https:\/\/mt-eifel.de\/wp-content\/uploads\/2022\/10\/Trenner-gelb-500x3-1.gif\" alt=\"\" class=\"wp-image-533\"\/><\/figure>\n\n\n<form role=\"search\" method=\"get\" action=\"https:\/\/mt-eifel.de\/de_de\/\" class=\"wp-block-search__button-outside wp-block-search__text-button wp-block-search\"    ><label class=\"wp-block-search__label\" for=\"wp-block-search__input-1\" >Auf unserer Webseite suchen.<\/label><div class=\"wp-block-search__inside-wrapper\" ><input class=\"wp-block-search__input\" id=\"wp-block-search__input-1\" placeholder=\"\" value=\"\" type=\"search\" name=\"s\" required \/><button aria-label=\"Suchen\" class=\"wp-block-search__button wp-element-button\" type=\"submit\" >Suchen<\/button><\/div><\/form>\n\n\n<figure class=\"wp-block-image aligncenter size-full\"><img loading=\"lazy\" decoding=\"async\" width=\"500\" height=\"3\" src=\"https:\/\/mt-eifel.de\/wp-content\/uploads\/2022\/10\/Trenner-rot-500x3-1.gif\" alt=\"\" class=\"wp-image-534\" style=\"object-fit:cover\"\/><\/figure>\n\n\n\n<h2 class=\"wp-block-heading\">Aktuelle Termine &amp; New<\/h2>\n\n\n\n<div class=\"wp-block-query is-layout-flow wp-block-query-is-layout-flow\"><ul class=\"wp-block-post-template has-background has-accent-2-background-color is-layout-flow wp-block-post-template-is-layout-flow\"><li class=\"wp-block-post post-1041 post type-post status-publish format-standard has-post-thumbnail hentry category-kalender category-news category-home tag-come-together tag-dueren tag-fruehstueck tag-veranstalltung\">\n\n<div class=\"wp-block-columns are-vertically-aligned-center is-layout-flex wp-container-core-columns-is-layout-28f84493 wp-block-columns-is-layout-flex\">\n<div class=\"wp-block-column is-vertically-aligned-center is-layout-flow wp-block-column-is-layout-flow\" style=\"flex-basis:25%\"><figure class=\"wp-block-post-featured-image\"><a href=\"https:\/\/mt-eifel.de\/de_de\/home\/bikerfruehstueck-in-dueren\/\" target=\"_self\"  ><img loading=\"lazy\" decoding=\"async\" width=\"600\" height=\"600\" src=\"https:\/\/mt-eifel.de\/wp-content\/uploads\/2024\/01\/Fruehstueck-DN.webp\" class=\"attachment-post-thumbnail size-post-thumbnail wp-post-image\" alt=\"Bikerfr\u00fchst\u00fcck mit Bowlen \/ D\u00fcren\" style=\"object-fit:cover;\" srcset=\"https:\/\/mt-eifel.de\/wp-content\/uploads\/2024\/01\/Fruehstueck-DN.webp 600w, https:\/\/mt-eifel.de\/wp-content\/uploads\/2024\/01\/Fruehstueck-DN-300x300.webp 300w, https:\/\/mt-eifel.de\/wp-content\/uploads\/2024\/01\/Fruehstueck-DN-150x150.webp 150w\" sizes=\"auto, (max-width: 600px) 100vw, 600px\" \/><\/a><\/figure><\/div>\n\n\n\n<div class=\"wp-block-column is-vertically-aligned-center is-layout-flow wp-block-column-is-layout-flow\" style=\"flex-basis:75%\"><h2 class=\"wp-block-post-title\"><a href=\"https:\/\/mt-eifel.de\/de_de\/home\/bikerfruehstueck-in-dueren\/\" target=\"_self\" >Bikerfr\u00fchst\u00fcck mit Bowlen \/ D\u00fcren<\/a><\/h2>\n\n<div class=\"wp-block-post-excerpt\"><p class=\"wp-block-post-excerpt__excerpt\">Am Sonntag, dem 10. M\u00e4rz 2024 Wann: 10. 05. 2024 \/ 9:30 &#8211; 13:00 Uhr Fr\u00fchst\u00fcck, danach Bowlen wir 2 Stunden.Wo: BOWL&#8217;n&#8217;LOUNGE, Rurbenden 38, 52382 Niederzier (bei D\u00fcren)Web: https:\/\/www.bowlnlounge.de\/gastronomie.html#fruehstuecksbuffetNur mit vorheriger Anmeldung.Wir haben 12 Pl\u00e4tze f\u00fcr unsere Gruppe reserviert. Sollten sich mehr Teilnehmer anmelden, versuchen wir&hellip; <a class=\"wp-block-post-excerpt__more-link\" href=\"https:\/\/mt-eifel.de\/de_de\/home\/bikerfruehstueck-in-dueren\/\">Weiter lesen<\/a><\/p><\/div><\/div>\n<\/div>\n\n<\/li><\/ul><\/div>\n","protected":false},"excerpt":{"rendered":"<p>Meldungen &amp; News Die letzten 12 Beitr\u00e4ge auf unserer Webseite. Aktuelle Termine &amp; New<\/p>\n","protected":false},"author":3,"featured_media":1540,"parent":68,"menu_order":20,"comment_status":"closed","ping_status":"closed","template":"page-wide","meta":{"_uag_custom_page_level_css":"","footnotes":""},"class_list":["post-1056","page","type-page","status-publish","has-post-thumbnail","hentry"],"uagb_featured_image_src":{"full":["https:\/\/mt-eifel.de\/wp-content\/uploads\/2024\/03\/baustelle.webp",600,206,false],"thumbnail":["https:\/\/mt-eifel.de\/wp-content\/uploads\/2024\/03\/baustelle-150x150.webp",150,150,true],"medium":["https:\/\/mt-eifel.de\/wp-content\/uploads\/2024\/03\/baustelle-300x103.webp",300,103,true],"medium_large":["https:\/\/mt-eifel.de\/wp-content\/uploads\/2024\/03\/baustelle.webp",600,206,false],"large":["https:\/\/mt-eifel.de\/wp-content\/uploads\/2024\/03\/baustelle.webp",600,206,false],"1536x1536":["https:\/\/mt-eifel.de\/wp-content\/uploads\/2024\/03\/baustelle.webp",600,206,false],"2048x2048":["https:\/\/mt-eifel.de\/wp-content\/uploads\/2024\/03\/baustelle.webp",600,206,false],"trp-custom-language-flag":["https:\/\/mt-eifel.de\/wp-content\/uploads\/2024\/03\/baustelle-18x6.webp",18,6,true]},"uagb_author_info":{"display_name":"Der Wolf","author_link":"https:\/\/mt-eifel.de\/de_de\/author\/wolf\/"},"uagb_comment_info":0,"uagb_excerpt":"Meldungen &amp; News Die letzten 12 Beitr\u00e4ge auf unserer Webseite. Aktuelle Termine &amp; New","_links":{"self":[{"href":"https:\/\/mt-eifel.de\/de_de\/wp-json\/wp\/v2\/pages\/1056","targetHints":{"allow":["GET"]}}],"collection":[{"href":"https:\/\/mt-eifel.de\/de_de\/wp-json\/wp\/v2\/pages"}],"about":[{"href":"https:\/\/mt-eifel.de\/de_de\/wp-json\/wp\/v2\/types\/page"}],"author":[{"embeddable":true,"href":"https:\/\/mt-eifel.de\/de_de\/wp-json\/wp\/v2\/users\/3"}],"replies":[{"embeddable":true,"href":"https:\/\/mt-eifel.de\/de_de\/wp-json\/wp\/v2\/comments?post=1056"}],"version-history":[{"count":20,"href":"https:\/\/mt-eifel.de\/de_de\/wp-json\/wp\/v2\/pages\/1056\/revisions"}],"predecessor-version":[{"id":1577,"href":"https:\/\/mt-eifel.de\/de_de\/wp-json\/wp\/v2\/pages\/1056\/revisions\/1577"}],"up":[{"embeddable":true,"href":"https:\/\/mt-eifel.de\/de_de\/wp-json\/wp\/v2\/pages\/68"}],"wp:featuredmedia":[{"embeddable":true,"href":"https:\/\/mt-eifel.de\/de_de\/wp-json\/wp\/v2\/media\/1540"}],"wp:attachment":[{"href":"https:\/\/mt-eifel.de\/de_de\/wp-json\/wp\/v2\/media?parent=1056"}],"curies":[{"name":"wp","href":"https:\/\/api.w.org\/{rel}","templated":true}]}}